{"id":5154,"date":"2025-10-21T18:37:58","date_gmt":"2025-10-21T16:37:58","guid":{"rendered":"https:\/\/3dcustomparts.de\/?post_type=product&#038;p=5154"},"modified":"2026-04-19T18:22:45","modified_gmt":"2026-04-19T16:22:45","slug":"sr4-luftfilter-fullflow-airbox-tuning-star-habicht-spatz","status":"publish","type":"product","link":"https:\/\/3dcustomparts.de\/index.php\/produkt\/sr4-luftfilter-fullflow-airbox-tuning-star-habicht-spatz\/","title":{"rendered":"SR4 Luftfilter Fullflow Airbox Tuning Star \/ Habicht \/ Spatz"},"content":{"rendered":"<p>Tuning Luftfilter f\u00fcr Simson Star\/Habicht\/Spatz<\/p>\n<p>Die 3DCustomParts Fullflow Airbox l\u00e4sst deinen Motor ordentlich durchatmen!<\/p>\n<p>&nbsp;<\/p>\n<ul>\n<li>Geh\u00e4use mit schallabsorbierenden Elementen<\/li>\n<li>Filter mit 60 ppi<\/li>\n<li>verbesserte Passgenauigkeit<\/li>\n<li>Muffe passend f\u00fcr BVF Vergaser<\/li>\n<li>Muffe mit geradem Durchgang (str\u00f6mungsoptimiert)<\/li>\n<li>matte Oberfl\u00e4che<\/li>\n<\/ul>\n<p>&nbsp;<\/p>\n<p>&nbsp;<\/p>\n<p>Lieferumfang:<\/p>\n<ul>\n<li>zwei Geh\u00e4useh\u00e4lften (Ansauggeh\u00e4use &amp; Beruhigungsgeh\u00e4use)<\/li>\n<li>Geh\u00e4usedichtung<\/li>\n<li>D\u00e4mpfereinsatz Ansaugung<\/li>\n<li>Filtereinsatz<\/li>\n<li>Filter (60 ppi)<\/li>\n<li>Senkschraube M6x50 (Edelstahl A2)<\/li>\n<\/ul>\n<p>&nbsp;<\/p>\n<p>Das Geh\u00e4use ist demn\u00e4chst auch in Perlwei\u00df verf\u00fcgbar. Andere Farben auf Anfrage m\u00f6glich.<\/p>\n<p>Weitere Vergasermuffen (Mikuni, etc.) folgen&#8230;<\/p>\n","protected":false},"excerpt":{"rendered":"<p>Tuning Luftfilter Luftfiltergeh\u00e4use f\u00fcr Simson SR4 Star\/Habicht\/Spatz<\/p>\n","protected":false},"featured_media":5156,"comment_status":"open","ping_status":"closed","template":"","meta":[],"product_brand":[],"product_cat":[19,34],"product_tag":[42,43,41,36,37,40,38,39,35],"class_list":{"0":"post-5154","1":"product","2":"type-product","3":"status-publish","4":"has-post-thumbnail","6":"product_cat-simson","7":"product_cat-vogelserie","8":"product_tag-airbox","9":"product_tag-fullflow","10":"product_tag-habicht","11":"product_tag-luftfilter","12":"product_tag-luftfiltergehaeuse","13":"product_tag-spatz","14":"product_tag-sr4","15":"product_tag-star","16":"product_tag-tuning","18":"first","19":"instock","20":"taxable","21":"shipping-taxable","22":"purchasable","23":"product-type-variable","24":"has-default-attributes"},"_links":{"self":[{"href":"https:\/\/3dcustomparts.de\/index.php\/wp-json\/wp\/v2\/product\/5154","targetHints":{"allow":["GET"]}}],"collection":[{"href":"https:\/\/3dcustomparts.de\/index.php\/wp-json\/wp\/v2\/product"}],"about":[{"href":"https:\/\/3dcustomparts.de\/index.php\/wp-json\/wp\/v2\/types\/product"}],"replies":[{"embeddable":true,"href":"https:\/\/3dcustomparts.de\/index.php\/wp-json\/wp\/v2\/comments?post=5154"}],"wp:featuredmedia":[{"embeddable":true,"href":"https:\/\/3dcustomparts.de\/index.php\/wp-json\/wp\/v2\/media\/5156"}],"wp:attachment":[{"href":"https:\/\/3dcustomparts.de\/index.php\/wp-json\/wp\/v2\/media?parent=5154"}],"wp:term":[{"taxonomy":"product_brand","embeddable":true,"href":"https:\/\/3dcustomparts.de\/index.php\/wp-json\/wp\/v2\/product_brand?post=5154"},{"taxonomy":"product_cat","embeddable":true,"href":"https:\/\/3dcustomparts.de\/index.php\/wp-json\/wp\/v2\/product_cat?post=5154"},{"taxonomy":"product_tag","embeddable":true,"href":"https:\/\/3dcustomparts.de\/index.php\/wp-json\/wp\/v2\/product_tag?post=5154"}],"curies":[{"name":"wp","href":"https:\/\/api.w.org\/{rel}","templated":true}]}}