{"id":5138,"date":"2024-12-28T18:38:30","date_gmt":"2024-12-28T17:38:30","guid":{"rendered":"https:\/\/3dcustomparts.de\/?post_type=product&#038;p=5138"},"modified":"2026-04-27T21:49:19","modified_gmt":"2026-04-27T19:49:19","slug":"verschlussstopfen-abtriebswelle-s51-m541","status":"publish","type":"product","link":"https:\/\/3dcustomparts.de\/index.php\/produkt\/verschlussstopfen-abtriebswelle-s51-m541\/","title":{"rendered":"Verschlussstopfen Abtriebswelle S51 M541"},"content":{"rendered":"<p>Verschlussstopfen f\u00fcr die Abtriebswelle<\/p>\n<ul>\n<li>einfache Montage und Demontage<\/li>\n<li>\u00d6l muss bei schnellen Reparaturen nicht abgelassen werden<\/li>\n<li>In Kurvenlagen kann es nicht dazukommen, dass das \u00d6l durch die Abtriebswelle l\u00e4uft<\/li>\n<li>es ist m\u00f6glich mehr Getriebe\u00f6l zu fahren<\/li>\n<\/ul>\n","protected":false},"excerpt":{"rendered":"<p>Verschlussstopfen f\u00fcr die Abtriebswelle einfache Montage und Demontage \u00d6l muss bei schnellen Reparaturen nicht abgelassen werden In Kurvenlagen kann es nicht dazukommen, dass das \u00d6l durch die Abtriebswelle l\u00e4uft es ist m\u00f6glich mehr Getriebe\u00f6l zu fahren<\/p>\n","protected":false},"featured_media":5135,"comment_status":"open","ping_status":"closed","template":"","meta":[],"product_brand":[],"product_cat":[33,20,19],"product_tag":[],"class_list":{"0":"post-5138","1":"product","2":"type-product","3":"status-publish","4":"has-post-thumbnail","6":"product_cat-dichtungen","7":"product_cat-s51","8":"product_cat-simson","10":"first","11":"instock","12":"taxable","13":"shipping-taxable","14":"purchasable","15":"product-type-simple"},"_links":{"self":[{"href":"https:\/\/3dcustomparts.de\/index.php\/wp-json\/wp\/v2\/product\/5138","targetHints":{"allow":["GET"]}}],"collection":[{"href":"https:\/\/3dcustomparts.de\/index.php\/wp-json\/wp\/v2\/product"}],"about":[{"href":"https:\/\/3dcustomparts.de\/index.php\/wp-json\/wp\/v2\/types\/product"}],"replies":[{"embeddable":true,"href":"https:\/\/3dcustomparts.de\/index.php\/wp-json\/wp\/v2\/comments?post=5138"}],"wp:featuredmedia":[{"embeddable":true,"href":"https:\/\/3dcustomparts.de\/index.php\/wp-json\/wp\/v2\/media\/5135"}],"wp:attachment":[{"href":"https:\/\/3dcustomparts.de\/index.php\/wp-json\/wp\/v2\/media?parent=5138"}],"wp:term":[{"taxonomy":"product_brand","embeddable":true,"href":"https:\/\/3dcustomparts.de\/index.php\/wp-json\/wp\/v2\/product_brand?post=5138"},{"taxonomy":"product_cat","embeddable":true,"href":"https:\/\/3dcustomparts.de\/index.php\/wp-json\/wp\/v2\/product_cat?post=5138"},{"taxonomy":"product_tag","embeddable":true,"href":"https:\/\/3dcustomparts.de\/index.php\/wp-json\/wp\/v2\/product_tag?post=5138"}],"curies":[{"name":"wp","href":"https:\/\/api.w.org\/{rel}","templated":true}]}}