{"id":5130,"date":"2024-12-09T21:15:26","date_gmt":"2024-12-09T20:15:26","guid":{"rendered":"https:\/\/3dcustomparts.de\/?post_type=product&#038;p=5130"},"modified":"2025-06-30T13:03:44","modified_gmt":"2025-06-30T11:03:44","slug":"dichtung-tankdeckel-40mm","status":"publish","type":"product","link":"https:\/\/3dcustomparts.de\/index.php\/produkt\/dichtung-tankdeckel-40mm\/","title":{"rendered":"Dichtung Tankdeckel 40mm"},"content":{"rendered":"<p>Passend f\u00fcr originalen Tankdeckel einer Simson S50, S51, S53, KR51<\/p>\n<p>&nbsp;<\/p>\n<p>Im Lieferumfang enthalten:<\/p>\n<p>1x Dichtung \u00d860 x 40 x 2 mm<\/p>\n<p>1x Dichtung \u00d860 x 40 x 3 mm<\/p>\n<p>&nbsp;<\/p>\n<p><strong>Die Produkte k\u00f6nnen den Bildern leicht abweichen (Oberfl\u00e4che, Material, etc).<\/strong><\/p>\n","protected":false},"excerpt":{"rendered":"<p>Passend f\u00fcr originalen Tankdeckel einer Simson S50, S51, S53, KR51 &nbsp; Im Lieferumfang enthalten: 1x Dichtung \u00d860 x 40 x 2 mm 1x Dichtung \u00d860 x 40 x 3 mm &nbsp; Die Produkte k\u00f6nnen den Bildern leicht abweichen (Oberfl\u00e4che, Material, etc).<\/p>\n","protected":false},"featured_media":5131,"comment_status":"open","ping_status":"closed","template":"","meta":[],"product_brand":[],"product_cat":[19],"product_tag":[],"class_list":{"0":"post-5130","1":"product","2":"type-product","3":"status-publish","4":"has-post-thumbnail","6":"product_cat-simson","8":"first","9":"instock","10":"taxable","11":"shipping-taxable","12":"purchasable","13":"product-type-simple"},"_links":{"self":[{"href":"https:\/\/3dcustomparts.de\/index.php\/wp-json\/wp\/v2\/product\/5130","targetHints":{"allow":["GET"]}}],"collection":[{"href":"https:\/\/3dcustomparts.de\/index.php\/wp-json\/wp\/v2\/product"}],"about":[{"href":"https:\/\/3dcustomparts.de\/index.php\/wp-json\/wp\/v2\/types\/product"}],"replies":[{"embeddable":true,"href":"https:\/\/3dcustomparts.de\/index.php\/wp-json\/wp\/v2\/comments?post=5130"}],"wp:featuredmedia":[{"embeddable":true,"href":"https:\/\/3dcustomparts.de\/index.php\/wp-json\/wp\/v2\/media\/5131"}],"wp:attachment":[{"href":"https:\/\/3dcustomparts.de\/index.php\/wp-json\/wp\/v2\/media?parent=5130"}],"wp:term":[{"taxonomy":"product_brand","embeddable":true,"href":"https:\/\/3dcustomparts.de\/index.php\/wp-json\/wp\/v2\/product_brand?post=5130"},{"taxonomy":"product_cat","embeddable":true,"href":"https:\/\/3dcustomparts.de\/index.php\/wp-json\/wp\/v2\/product_cat?post=5130"},{"taxonomy":"product_tag","embeddable":true,"href":"https:\/\/3dcustomparts.de\/index.php\/wp-json\/wp\/v2\/product_tag?post=5130"}],"curies":[{"name":"wp","href":"https:\/\/api.w.org\/{rel}","templated":true}]}}