{"id":5126,"date":"2024-12-09T17:54:28","date_gmt":"2024-12-09T16:54:28","guid":{"rendered":"https:\/\/3dcustomparts.de\/?post_type=product&#038;p=5126"},"modified":"2026-04-19T23:40:23","modified_gmt":"2026-04-19T21:40:23","slug":"anschlagpuffer-fuer-hauptstaender","status":"publish","type":"product","link":"https:\/\/3dcustomparts.de\/index.php\/produkt\/anschlagpuffer-fuer-hauptstaender\/","title":{"rendered":"Anschlagpuffer f\u00fcr Hauptst\u00e4nder"},"content":{"rendered":"<p>Anschlaggummi f\u00fcr originalen Hauptst\u00e4nder<\/p>\n","protected":false},"excerpt":{"rendered":"<p>Anschlaggummi f\u00fcr originalen Hauptst\u00e4nder<\/p>\n","protected":false},"featured_media":5127,"comment_status":"open","ping_status":"closed","template":"","meta":[],"product_brand":[],"product_cat":[19],"product_tag":[],"class_list":{"0":"post-5126","1":"product","2":"type-product","3":"status-publish","4":"has-post-thumbnail","6":"product_cat-simson","8":"first","9":"instock","10":"taxable","11":"shipping-taxable","12":"purchasable","13":"product-type-simple"},"_links":{"self":[{"href":"https:\/\/3dcustomparts.de\/index.php\/wp-json\/wp\/v2\/product\/5126","targetHints":{"allow":["GET"]}}],"collection":[{"href":"https:\/\/3dcustomparts.de\/index.php\/wp-json\/wp\/v2\/product"}],"about":[{"href":"https:\/\/3dcustomparts.de\/index.php\/wp-json\/wp\/v2\/types\/product"}],"replies":[{"embeddable":true,"href":"https:\/\/3dcustomparts.de\/index.php\/wp-json\/wp\/v2\/comments?post=5126"}],"wp:featuredmedia":[{"embeddable":true,"href":"https:\/\/3dcustomparts.de\/index.php\/wp-json\/wp\/v2\/media\/5127"}],"wp:attachment":[{"href":"https:\/\/3dcustomparts.de\/index.php\/wp-json\/wp\/v2\/media?parent=5126"}],"wp:term":[{"taxonomy":"product_brand","embeddable":true,"href":"https:\/\/3dcustomparts.de\/index.php\/wp-json\/wp\/v2\/product_brand?post=5126"},{"taxonomy":"product_cat","embeddable":true,"href":"https:\/\/3dcustomparts.de\/index.php\/wp-json\/wp\/v2\/product_cat?post=5126"},{"taxonomy":"product_tag","embeddable":true,"href":"https:\/\/3dcustomparts.de\/index.php\/wp-json\/wp\/v2\/product_tag?post=5126"}],"curies":[{"name":"wp","href":"https:\/\/api.w.org\/{rel}","templated":true}]}}