{"id":4889,"date":"2020-05-29T18:23:44","date_gmt":"2020-05-29T16:23:44","guid":{"rendered":"https:\/\/3dcustomparts.de\/?post_type=product&#038;p=4889"},"modified":"2025-06-30T13:04:51","modified_gmt":"2025-06-30T11:04:51","slug":"gasgriffblende-staubkappe-fuer-s51-gasgriffarmatur","status":"publish","type":"product","link":"https:\/\/3dcustomparts.de\/index.php\/produkt\/gasgriffblende-staubkappe-fuer-s51-gasgriffarmatur\/","title":{"rendered":"Gasgriffblende Staubkappe f\u00fcr S51 Gasgriffarmatur"},"content":{"rendered":"<p>Blende f\u00fcr originale S51 Gasgriffarmatur.<\/p>\n<p>Manche Griffe haben keinen Rand, der den Bowdenzug und die Mechanik vor Verschmutzung sch\u00fctzt, daf\u00fcr ist diese kleine Blende sehr gut geeignet.<\/p>\n<p>&nbsp;<\/p>\n<p><strong>Die Produkte k\u00f6nnen den Bildern leicht abweichen (Oberfl\u00e4che, Material, etc).<\/strong><\/p>\n","protected":false},"excerpt":{"rendered":"<p>Blende f\u00fcr originale S51 Gasgriffarmatur. Manche Griffe haben keinen Rand, der den Bowdenzug und die Mechanik vor Verschmutzung sch\u00fctzt, daf\u00fcr ist diese kleine Blende sehr gut geeignet. &nbsp; Die Produkte k\u00f6nnen den Bildern leicht abweichen (Oberfl\u00e4che, Material, etc).<\/p>\n","protected":false},"featured_media":4892,"comment_status":"open","ping_status":"closed","template":"","meta":[],"product_brand":[],"product_cat":[20,19],"product_tag":[],"class_list":{"0":"post-4889","1":"product","2":"type-product","3":"status-publish","4":"has-post-thumbnail","6":"product_cat-s51","7":"product_cat-simson","9":"first","10":"instock","11":"taxable","12":"shipping-taxable","13":"purchasable","14":"product-type-variable"},"_links":{"self":[{"href":"https:\/\/3dcustomparts.de\/index.php\/wp-json\/wp\/v2\/product\/4889","targetHints":{"allow":["GET"]}}],"collection":[{"href":"https:\/\/3dcustomparts.de\/index.php\/wp-json\/wp\/v2\/product"}],"about":[{"href":"https:\/\/3dcustomparts.de\/index.php\/wp-json\/wp\/v2\/types\/product"}],"replies":[{"embeddable":true,"href":"https:\/\/3dcustomparts.de\/index.php\/wp-json\/wp\/v2\/comments?post=4889"}],"wp:featuredmedia":[{"embeddable":true,"href":"https:\/\/3dcustomparts.de\/index.php\/wp-json\/wp\/v2\/media\/4892"}],"wp:attachment":[{"href":"https:\/\/3dcustomparts.de\/index.php\/wp-json\/wp\/v2\/media?parent=4889"}],"wp:term":[{"taxonomy":"product_brand","embeddable":true,"href":"https:\/\/3dcustomparts.de\/index.php\/wp-json\/wp\/v2\/product_brand?post=4889"},{"taxonomy":"product_cat","embeddable":true,"href":"https:\/\/3dcustomparts.de\/index.php\/wp-json\/wp\/v2\/product_cat?post=4889"},{"taxonomy":"product_tag","embeddable":true,"href":"https:\/\/3dcustomparts.de\/index.php\/wp-json\/wp\/v2\/product_tag?post=4889"}],"curies":[{"name":"wp","href":"https:\/\/api.w.org\/{rel}","templated":true}]}}