{"id":4882,"date":"2020-05-11T13:04:36","date_gmt":"2020-05-11T11:04:36","guid":{"rendered":"https:\/\/3dcustomparts.de\/?post_type=product&#038;p=4882"},"modified":"2025-06-30T13:03:14","modified_gmt":"2025-06-30T11:03:14","slug":"dichtung-fuer-bvf-gasschieberdeckel","status":"publish","type":"product","link":"https:\/\/3dcustomparts.de\/index.php\/produkt\/dichtung-fuer-bvf-gasschieberdeckel\/","title":{"rendered":"Dichtung f\u00fcr BVF Gasschieberdeckel"},"content":{"rendered":"<p>Passend f\u00fcr originale Simson BVF Vergaser.<\/p>\n<ul>\n<li>ca. 0,70mm stark<\/li>\n<li>leichte Montage durch festen Sitz im Gasschieberdeckel<\/li>\n<li>Nebenluft \u00fcber Gasschieberdeckel\/Gewinde minimieren<\/li>\n<\/ul>\n<p>Preis pro St\u00fcck.<\/p>\n<p><strong>Die Produkte k\u00f6nnen den Bildern leicht abweichen (Oberfl\u00e4che, Material, etc).<\/strong><\/p>\n","protected":false},"excerpt":{"rendered":"<p>Passend f\u00fcr originale Simson BVF Vergaser. ca. 0,70mm stark leichte Montage durch festen Sitz im Gasschieberdeckel Nebenluft \u00fcber Gasschieberdeckel\/Gewinde minimieren Preis pro St\u00fcck. Die Produkte k\u00f6nnen den Bildern leicht abweichen (Oberfl\u00e4che, Material, etc).<\/p>\n","protected":false},"featured_media":4885,"comment_status":"open","ping_status":"closed","template":"","meta":[],"product_brand":[],"product_cat":[33,19],"product_tag":[],"class_list":{"0":"post-4882","1":"product","2":"type-product","3":"status-publish","4":"has-post-thumbnail","6":"product_cat-dichtungen","7":"product_cat-simson","9":"first","10":"instock","11":"taxable","12":"shipping-taxable","13":"purchasable","14":"product-type-simple"},"_links":{"self":[{"href":"https:\/\/3dcustomparts.de\/index.php\/wp-json\/wp\/v2\/product\/4882","targetHints":{"allow":["GET"]}}],"collection":[{"href":"https:\/\/3dcustomparts.de\/index.php\/wp-json\/wp\/v2\/product"}],"about":[{"href":"https:\/\/3dcustomparts.de\/index.php\/wp-json\/wp\/v2\/types\/product"}],"replies":[{"embeddable":true,"href":"https:\/\/3dcustomparts.de\/index.php\/wp-json\/wp\/v2\/comments?post=4882"}],"wp:featuredmedia":[{"embeddable":true,"href":"https:\/\/3dcustomparts.de\/index.php\/wp-json\/wp\/v2\/media\/4885"}],"wp:attachment":[{"href":"https:\/\/3dcustomparts.de\/index.php\/wp-json\/wp\/v2\/media?parent=4882"}],"wp:term":[{"taxonomy":"product_brand","embeddable":true,"href":"https:\/\/3dcustomparts.de\/index.php\/wp-json\/wp\/v2\/product_brand?post=4882"},{"taxonomy":"product_cat","embeddable":true,"href":"https:\/\/3dcustomparts.de\/index.php\/wp-json\/wp\/v2\/product_cat?post=4882"},{"taxonomy":"product_tag","embeddable":true,"href":"https:\/\/3dcustomparts.de\/index.php\/wp-json\/wp\/v2\/product_tag?post=4882"}],"curies":[{"name":"wp","href":"https:\/\/api.w.org\/{rel}","templated":true}]}}