{"id":4855,"date":"2020-04-06T19:48:39","date_gmt":"2020-04-06T17:48:39","guid":{"rendered":"https:\/\/3dcustomparts.de\/?post_type=product&#038;p=4855"},"modified":"2026-03-15T20:13:12","modified_gmt":"2026-03-15T19:13:12","slug":"lagerbuchsenset-fuer-kastenschwinge-polyamid-verstaerkt-engere-toleranzen","status":"publish","type":"product","link":"https:\/\/3dcustomparts.de\/index.php\/produkt\/lagerbuchsenset-fuer-kastenschwinge-polyamid-verstaerkt-engere-toleranzen\/","title":{"rendered":"Lagerbuchsenset f\u00fcr Kastenschwinge Polyamid verst\u00e4rkt (engere Toleranzen)"},"content":{"rendered":"<p>Passend f\u00fcr Simson Kastenschwinge mit verst\u00e4rkten Buchsen.<\/p>\n<ul>\n<li>geringere Toleranzen zum Schwingenbolzen (\u00d813,10mm)<\/li>\n<li>kein kippeln der Schwinge<\/li>\n<li>passen besser als die originale Version (\u00d813,60mm) und verbesserter Version (\u00d813,30mm)<\/li>\n<\/ul>\n<h4><strong><span style=\"color: red;\">KEIN 3D Druck, die Buchsen werden ma\u00dfhaltig gedreht.<\/span><\/strong><\/h4>\n<p><strong>Die Produkte k\u00f6nnen den Bildern leicht abweichen (Oberfl\u00e4che, Material, etc).<\/strong><\/p>\n","protected":false},"excerpt":{"rendered":"<p>Passend f\u00fcr Simson Kastenschwinge mit verst\u00e4rkten Buchsen. geringere Toleranzen zum Schwingenbolzen (\u00d813,10mm) kein kippeln der Schwinge passen besser als die originale Version (\u00d813,60mm) und verbesserter Version (\u00d813,30mm) KEIN 3D Druck, die Buchsen werden ma\u00dfhaltig gedreht. Die Produkte k\u00f6nnen den Bildern leicht abweichen (Oberfl\u00e4che, Material, etc).<\/p>\n","protected":false},"featured_media":4857,"comment_status":"open","ping_status":"closed","template":"","meta":[],"product_brand":[],"product_cat":[20,19],"product_tag":[],"class_list":{"0":"post-4855","1":"product","2":"type-product","3":"status-publish","4":"has-post-thumbnail","6":"product_cat-s51","7":"product_cat-simson","9":"first","10":"outofstock","11":"taxable","12":"shipping-taxable","13":"purchasable","14":"product-type-simple"},"_links":{"self":[{"href":"https:\/\/3dcustomparts.de\/index.php\/wp-json\/wp\/v2\/product\/4855","targetHints":{"allow":["GET"]}}],"collection":[{"href":"https:\/\/3dcustomparts.de\/index.php\/wp-json\/wp\/v2\/product"}],"about":[{"href":"https:\/\/3dcustomparts.de\/index.php\/wp-json\/wp\/v2\/types\/product"}],"replies":[{"embeddable":true,"href":"https:\/\/3dcustomparts.de\/index.php\/wp-json\/wp\/v2\/comments?post=4855"}],"wp:featuredmedia":[{"embeddable":true,"href":"https:\/\/3dcustomparts.de\/index.php\/wp-json\/wp\/v2\/media\/4857"}],"wp:attachment":[{"href":"https:\/\/3dcustomparts.de\/index.php\/wp-json\/wp\/v2\/media?parent=4855"}],"wp:term":[{"taxonomy":"product_brand","embeddable":true,"href":"https:\/\/3dcustomparts.de\/index.php\/wp-json\/wp\/v2\/product_brand?post=4855"},{"taxonomy":"product_cat","embeddable":true,"href":"https:\/\/3dcustomparts.de\/index.php\/wp-json\/wp\/v2\/product_cat?post=4855"},{"taxonomy":"product_tag","embeddable":true,"href":"https:\/\/3dcustomparts.de\/index.php\/wp-json\/wp\/v2\/product_tag?post=4855"}],"curies":[{"name":"wp","href":"https:\/\/api.w.org\/{rel}","templated":true}]}}