{"id":4846,"date":"2020-03-26T22:19:39","date_gmt":"2020-03-26T21:19:39","guid":{"rendered":"https:\/\/3dcustomparts.de\/?post_type=product&#038;p=4846"},"modified":"2025-06-30T13:01:16","modified_gmt":"2025-06-30T11:01:16","slug":"ansaugmuffe-gerade-fuer-s51","status":"publish","type":"product","link":"https:\/\/3dcustomparts.de\/index.php\/produkt\/ansaugmuffe-gerade-fuer-s51\/","title":{"rendered":"Ansaugmuffe gerade f\u00fcr S51"},"content":{"rendered":"<p>Passend f\u00fcr originale Simson S51 Mittelk\u00e4sten und BVF Vergaser.<\/p>\n<ul>\n<li>keine Nut wie beim original um Verwirbelungen zu vermeiden<\/li>\n<li>TPU Benzin und \u00d6lbest\u00e4ndig<\/li>\n<li>passend f\u00fcr originale BVF Gaser und Luftfilterk\u00e4sten<\/li>\n<li>Innendurchmesser 30mm (wie original)<\/li>\n<\/ul>\n<p>&nbsp;<\/p>\n<p><strong>Die Produkte k\u00f6nnen den Bildern leicht abweichen (Oberfl\u00e4che, Material, etc).<\/strong><\/p>\n","protected":false},"excerpt":{"rendered":"<p>Passend f\u00fcr originale Simson S51 Mittelk\u00e4sten und BVF Vergaser. keine Nut wie beim original um Verwirbelungen zu vermeiden TPU Benzin und \u00d6lbest\u00e4ndig passend f\u00fcr originale BVF Gaser und Luftfilterk\u00e4sten Innendurchmesser 30mm (wie original) &nbsp; Die Produkte k\u00f6nnen den Bildern leicht abweichen (Oberfl\u00e4che, Material, etc).<\/p>\n","protected":false},"featured_media":4852,"comment_status":"open","ping_status":"closed","template":"","meta":[],"product_brand":[],"product_cat":[20,19],"product_tag":[],"class_list":{"0":"post-4846","1":"product","2":"type-product","3":"status-publish","4":"has-post-thumbnail","6":"product_cat-s51","7":"product_cat-simson","9":"first","10":"instock","11":"taxable","12":"shipping-taxable","13":"purchasable","14":"product-type-simple"},"_links":{"self":[{"href":"https:\/\/3dcustomparts.de\/index.php\/wp-json\/wp\/v2\/product\/4846","targetHints":{"allow":["GET"]}}],"collection":[{"href":"https:\/\/3dcustomparts.de\/index.php\/wp-json\/wp\/v2\/product"}],"about":[{"href":"https:\/\/3dcustomparts.de\/index.php\/wp-json\/wp\/v2\/types\/product"}],"replies":[{"embeddable":true,"href":"https:\/\/3dcustomparts.de\/index.php\/wp-json\/wp\/v2\/comments?post=4846"}],"wp:featuredmedia":[{"embeddable":true,"href":"https:\/\/3dcustomparts.de\/index.php\/wp-json\/wp\/v2\/media\/4852"}],"wp:attachment":[{"href":"https:\/\/3dcustomparts.de\/index.php\/wp-json\/wp\/v2\/media?parent=4846"}],"wp:term":[{"taxonomy":"product_brand","embeddable":true,"href":"https:\/\/3dcustomparts.de\/index.php\/wp-json\/wp\/v2\/product_brand?post=4846"},{"taxonomy":"product_cat","embeddable":true,"href":"https:\/\/3dcustomparts.de\/index.php\/wp-json\/wp\/v2\/product_cat?post=4846"},{"taxonomy":"product_tag","embeddable":true,"href":"https:\/\/3dcustomparts.de\/index.php\/wp-json\/wp\/v2\/product_tag?post=4846"}],"curies":[{"name":"wp","href":"https:\/\/api.w.org\/{rel}","templated":true}]}}