{"id":4344,"date":"2020-02-01T01:33:12","date_gmt":"2020-02-01T00:33:12","guid":{"rendered":"https:\/\/3dcustomparts.de\/?post_type=product&#038;p=4344"},"modified":"2026-03-15T20:22:47","modified_gmt":"2026-03-15T19:22:47","slug":"manueller-starterkolben-choke-fuer-bvf-vergaser","status":"publish","type":"product","link":"https:\/\/3dcustomparts.de\/index.php\/produkt\/manueller-starterkolben-choke-fuer-bvf-vergaser\/","title":{"rendered":"Manueller Starterkolben\/Choke f\u00fcr BVF Vergaser"},"content":{"rendered":"<p><strong>3-teiliger Umr\u00fcstsatz f\u00fcr BVF Vergaser auf manuellen Choke.<\/strong><\/p>\n<p>Passend bei 16N1, 16N3, 19N1, 20N1 Vergasern.<\/p>\n<p>Ideal geeignet bei Umr\u00fcstung auf Scheibenbremse ohne Choke Armatur.<\/p>\n<p>&nbsp;<\/p>\n<p>Lieferumfang<\/p>\n<ul>\n<li>Hebel in kleiner Ausf\u00fchrung<\/li>\n<li>Zugst\u00fcck<\/li>\n<li>Stift<\/li>\n<\/ul>\n<p>&nbsp;<\/p>\n<p><strong>Die Produkte k\u00f6nnen den Bildern leicht abweichen (Oberfl\u00e4che, Material, etc).<\/strong><\/p>\n","protected":false},"excerpt":{"rendered":"<p>3-teiliger Umr\u00fcstsatz f\u00fcr BVF Vergaser auf manuellen Choke. Passend bei 16N1, 16N3, 19N1, 20N1 Vergasern. Ideal geeignet bei Umr\u00fcstung auf Scheibenbremse ohne Choke Armatur. &nbsp; Lieferumfang Hebel in kleiner Ausf\u00fchrung Zugst\u00fcck Stift &nbsp; Die Produkte k\u00f6nnen den Bildern leicht abweichen (Oberfl\u00e4che, Material, etc).<\/p>\n","protected":false},"featured_media":4348,"comment_status":"open","ping_status":"closed","template":"","meta":[],"product_brand":[],"product_cat":[20,19],"product_tag":[],"class_list":{"0":"post-4344","1":"product","2":"type-product","3":"status-publish","4":"has-post-thumbnail","6":"product_cat-s51","7":"product_cat-simson","9":"first","10":"instock","11":"taxable","12":"shipping-taxable","13":"purchasable","14":"product-type-variable"},"_links":{"self":[{"href":"https:\/\/3dcustomparts.de\/index.php\/wp-json\/wp\/v2\/product\/4344","targetHints":{"allow":["GET"]}}],"collection":[{"href":"https:\/\/3dcustomparts.de\/index.php\/wp-json\/wp\/v2\/product"}],"about":[{"href":"https:\/\/3dcustomparts.de\/index.php\/wp-json\/wp\/v2\/types\/product"}],"replies":[{"embeddable":true,"href":"https:\/\/3dcustomparts.de\/index.php\/wp-json\/wp\/v2\/comments?post=4344"}],"wp:featuredmedia":[{"embeddable":true,"href":"https:\/\/3dcustomparts.de\/index.php\/wp-json\/wp\/v2\/media\/4348"}],"wp:attachment":[{"href":"https:\/\/3dcustomparts.de\/index.php\/wp-json\/wp\/v2\/media?parent=4344"}],"wp:term":[{"taxonomy":"product_brand","embeddable":true,"href":"https:\/\/3dcustomparts.de\/index.php\/wp-json\/wp\/v2\/product_brand?post=4344"},{"taxonomy":"product_cat","embeddable":true,"href":"https:\/\/3dcustomparts.de\/index.php\/wp-json\/wp\/v2\/product_cat?post=4344"},{"taxonomy":"product_tag","embeddable":true,"href":"https:\/\/3dcustomparts.de\/index.php\/wp-json\/wp\/v2\/product_tag?post=4344"}],"curies":[{"name":"wp","href":"https:\/\/api.w.org\/{rel}","templated":true}]}}