{"id":374,"date":"2019-08-24T01:17:33","date_gmt":"2019-08-23T23:17:33","guid":{"rendered":"https:\/\/3dcustomparts.de\/?post_type=product&#038;p=374"},"modified":"2025-10-16T00:43:25","modified_gmt":"2025-10-15T22:43:25","slug":"blinkerhalterung-fuer-telegabel","status":"publish","type":"product","link":"https:\/\/3dcustomparts.de\/index.php\/produkt\/blinkerhalterung-fuer-telegabel\/","title":{"rendered":"Blinkerhalterung f\u00fcr Telegabel"},"content":{"rendered":"<p>Passend f\u00fcr originale Simson S51 Telegabel.<\/p>\n<ul>\n<li>2-Teilige Halterung<\/li>\n<li>erm\u00f6glicht einfache Montage<\/li>\n<li>Schelle wird aufgeklappt und um die Gabel geschnappt<\/li>\n<li>Klemmung durch Blinkergewinde<\/li>\n<li>f\u00fcr M8 oder M10 Blinkergewinde (bitte ausw\u00e4hlen)<\/li>\n<\/ul>\n<p>&nbsp;<\/p>\n<p><strong>Die Produkte k\u00f6nnen den Bildern leicht abweichen (Oberfl\u00e4che, Material, etc).<\/strong><\/p>\n","protected":false},"excerpt":{"rendered":"<p>Passend f\u00fcr originale Simson S51 Telegabel. 2-Teilige Halterung erm\u00f6glicht einfache Montage Schelle wird aufgeklappt und um die Gabel geschnappt Klemmung durch Blinkergewinde f\u00fcr M8 oder M10 Blinkergewinde (bitte ausw\u00e4hlen) &nbsp; Die Produkte k\u00f6nnen den Bildern leicht abweichen (Oberfl\u00e4che, Material, etc).<\/p>\n","protected":false},"featured_media":366,"comment_status":"open","ping_status":"closed","template":"","meta":[],"product_brand":[],"product_cat":[20,19],"product_tag":[],"class_list":{"0":"post-374","1":"product","2":"type-product","3":"status-publish","4":"has-post-thumbnail","6":"product_cat-s51","7":"product_cat-simson","9":"first","10":"instock","11":"taxable","12":"shipping-taxable","13":"purchasable","14":"product-type-variable"},"_links":{"self":[{"href":"https:\/\/3dcustomparts.de\/index.php\/wp-json\/wp\/v2\/product\/374","targetHints":{"allow":["GET"]}}],"collection":[{"href":"https:\/\/3dcustomparts.de\/index.php\/wp-json\/wp\/v2\/product"}],"about":[{"href":"https:\/\/3dcustomparts.de\/index.php\/wp-json\/wp\/v2\/types\/product"}],"replies":[{"embeddable":true,"href":"https:\/\/3dcustomparts.de\/index.php\/wp-json\/wp\/v2\/comments?post=374"}],"wp:featuredmedia":[{"embeddable":true,"href":"https:\/\/3dcustomparts.de\/index.php\/wp-json\/wp\/v2\/media\/366"}],"wp:attachment":[{"href":"https:\/\/3dcustomparts.de\/index.php\/wp-json\/wp\/v2\/media?parent=374"}],"wp:term":[{"taxonomy":"product_brand","embeddable":true,"href":"https:\/\/3dcustomparts.de\/index.php\/wp-json\/wp\/v2\/product_brand?post=374"},{"taxonomy":"product_cat","embeddable":true,"href":"https:\/\/3dcustomparts.de\/index.php\/wp-json\/wp\/v2\/product_cat?post=374"},{"taxonomy":"product_tag","embeddable":true,"href":"https:\/\/3dcustomparts.de\/index.php\/wp-json\/wp\/v2\/product_tag?post=374"}],"curies":[{"name":"wp","href":"https:\/\/api.w.org\/{rel}","templated":true}]}}