{"id":355,"date":"2019-08-24T01:11:37","date_gmt":"2019-08-23T23:11:37","guid":{"rendered":"https:\/\/3dcustomparts.de\/?post_type=product&#038;p=355"},"modified":"2025-06-30T13:05:53","modified_gmt":"2025-06-30T11:05:53","slug":"kappe-fuer-gabelenden","status":"publish","type":"product","link":"https:\/\/3dcustomparts.de\/index.php\/produkt\/kappe-fuer-gabelenden\/","title":{"rendered":"SET: Kappen f\u00fcr Gabelenden"},"content":{"rendered":"<p>Passend f\u00fcr originale Simson Telegabel.<\/p>\n<p>Die Kappen passen auch auf originale S51N\/B\/C Gabelbr\u00fccken, sind aber haupts\u00e4chlich f\u00fcr die Gabelbr\u00fccke zum klemmen der Telegabel geeignet. Innen ist die Kappe abgesetzt, um die Gabel ca. 5mm nach oben durch zu schieben und so der Tieferlegung am Vorderrad etwas entgegenkommt.<\/p>\n<p><strong>Die Produkte k\u00f6nnen den Bildern leicht abweichen (Oberfl\u00e4che, Material, etc).<\/strong><\/p>\n","protected":false},"excerpt":{"rendered":"<p>Passend f\u00fcr originale Simson Telegabel. Die Kappen passen auch auf originale S51N\/B\/C Gabelbr\u00fccken, sind aber haupts\u00e4chlich f\u00fcr die Gabelbr\u00fccke zum klemmen der Telegabel geeignet. Innen ist die Kappe abgesetzt, um die Gabel ca. 5mm nach oben durch zu schieben und so der Tieferlegung am Vorderrad etwas entgegenkommt. Die Produkte k\u00f6nnen den Bildern leicht abweichen (Oberfl\u00e4che, Material, etc).<\/p>\n","protected":false},"featured_media":357,"comment_status":"open","ping_status":"closed","template":"","meta":[],"product_brand":[],"product_cat":[20,19],"product_tag":[],"class_list":{"0":"post-355","1":"product","2":"type-product","3":"status-publish","4":"has-post-thumbnail","6":"product_cat-s51","7":"product_cat-simson","9":"first","10":"instock","11":"taxable","12":"shipping-taxable","13":"purchasable","14":"product-type-variable"},"_links":{"self":[{"href":"https:\/\/3dcustomparts.de\/index.php\/wp-json\/wp\/v2\/product\/355","targetHints":{"allow":["GET"]}}],"collection":[{"href":"https:\/\/3dcustomparts.de\/index.php\/wp-json\/wp\/v2\/product"}],"about":[{"href":"https:\/\/3dcustomparts.de\/index.php\/wp-json\/wp\/v2\/types\/product"}],"replies":[{"embeddable":true,"href":"https:\/\/3dcustomparts.de\/index.php\/wp-json\/wp\/v2\/comments?post=355"}],"wp:featuredmedia":[{"embeddable":true,"href":"https:\/\/3dcustomparts.de\/index.php\/wp-json\/wp\/v2\/media\/357"}],"wp:attachment":[{"href":"https:\/\/3dcustomparts.de\/index.php\/wp-json\/wp\/v2\/media?parent=355"}],"wp:term":[{"taxonomy":"product_brand","embeddable":true,"href":"https:\/\/3dcustomparts.de\/index.php\/wp-json\/wp\/v2\/product_brand?post=355"},{"taxonomy":"product_cat","embeddable":true,"href":"https:\/\/3dcustomparts.de\/index.php\/wp-json\/wp\/v2\/product_cat?post=355"},{"taxonomy":"product_tag","embeddable":true,"href":"https:\/\/3dcustomparts.de\/index.php\/wp-json\/wp\/v2\/product_tag?post=355"}],"curies":[{"name":"wp","href":"https:\/\/api.w.org\/{rel}","templated":true}]}}