{"id":162,"date":"2019-08-20T00:36:26","date_gmt":"2019-08-19T22:36:26","guid":{"rendered":"https:\/\/3dcustomparts.de\/?post_type=product&#038;p=162"},"modified":"2025-06-30T13:04:20","modified_gmt":"2025-06-30T11:04:20","slug":"distanzstueck-fuer-s51-ohne-kettenkasten","status":"publish","type":"product","link":"https:\/\/3dcustomparts.de\/index.php\/produkt\/distanzstueck-fuer-s51-ohne-kettenkasten\/","title":{"rendered":"Distanzst\u00fcck f\u00fcr S51 ohne Kettenkasten"},"content":{"rendered":"<p>Passend f\u00fcr originales Simson S51 Kettenrad.<\/p>\n<p>Distanzst\u00fcck zum fahren ohne Kettenkasten.<\/p>\n<p>Gleichzeitig Schutzkappe f\u00fcr das Lager in der Nabe.<\/p>\n<p>&nbsp;<\/p>\n<p><strong>Die Produkte k\u00f6nnen den Bildern leicht abweichen (Oberfl\u00e4che, Material, etc).<\/strong><\/p>\n","protected":false},"excerpt":{"rendered":"<p>Passend f\u00fcr originales Simson S51 Kettenrad. Distanzst\u00fcck zum fahren ohne Kettenkasten. Gleichzeitig Schutzkappe f\u00fcr das Lager in der Nabe. &nbsp; Die Produkte k\u00f6nnen den Bildern leicht abweichen (Oberfl\u00e4che, Material, etc).<\/p>\n","protected":false},"featured_media":122,"comment_status":"open","ping_status":"closed","template":"","meta":[],"product_brand":[],"product_cat":[20,19],"product_tag":[],"class_list":{"0":"post-162","1":"product","2":"type-product","3":"status-publish","4":"has-post-thumbnail","6":"product_cat-s51","7":"product_cat-simson","9":"first","10":"instock","11":"taxable","12":"shipping-taxable","13":"purchasable","14":"product-type-variable"},"_links":{"self":[{"href":"https:\/\/3dcustomparts.de\/index.php\/wp-json\/wp\/v2\/product\/162","targetHints":{"allow":["GET"]}}],"collection":[{"href":"https:\/\/3dcustomparts.de\/index.php\/wp-json\/wp\/v2\/product"}],"about":[{"href":"https:\/\/3dcustomparts.de\/index.php\/wp-json\/wp\/v2\/types\/product"}],"replies":[{"embeddable":true,"href":"https:\/\/3dcustomparts.de\/index.php\/wp-json\/wp\/v2\/comments?post=162"}],"wp:featuredmedia":[{"embeddable":true,"href":"https:\/\/3dcustomparts.de\/index.php\/wp-json\/wp\/v2\/media\/122"}],"wp:attachment":[{"href":"https:\/\/3dcustomparts.de\/index.php\/wp-json\/wp\/v2\/media?parent=162"}],"wp:term":[{"taxonomy":"product_brand","embeddable":true,"href":"https:\/\/3dcustomparts.de\/index.php\/wp-json\/wp\/v2\/product_brand?post=162"},{"taxonomy":"product_cat","embeddable":true,"href":"https:\/\/3dcustomparts.de\/index.php\/wp-json\/wp\/v2\/product_cat?post=162"},{"taxonomy":"product_tag","embeddable":true,"href":"https:\/\/3dcustomparts.de\/index.php\/wp-json\/wp\/v2\/product_tag?post=162"}],"curies":[{"name":"wp","href":"https:\/\/api.w.org\/{rel}","templated":true}]}}