{"id":161,"date":"2019-08-20T00:30:14","date_gmt":"2019-08-19T22:30:14","guid":{"rendered":"https:\/\/3dcustomparts.de\/?post_type=product&#038;p=161"},"modified":"2025-12-13T07:59:18","modified_gmt":"2025-12-13T06:59:18","slug":"t20-stecker","status":"publish","type":"product","link":"https:\/\/3dcustomparts.de\/index.php\/produkt\/t20-stecker\/","title":{"rendered":"T20 Stecker"},"content":{"rendered":"<p><strong>Anfertigung nur auf Anfrage.<\/strong><\/p>\n<p>&nbsp;<\/p>\n<p>Passend f\u00fcr die VW K\u00e4fer\/Bus Diagnosedose im Motorraum.<\/p>\n<p>Geeignet f\u00fcr die Montage einer H\u00e4ngerkupplung ohne den Kabelbaum besch\u00e4digen zu m\u00fcssen.<\/p>\n<p>Belegung des Diagnosestecker bitte folgender Seite entnehmen:\u00a0<a href=\"http:\/\/www.cabshome.de\/tipps\/diagnose.html\">http:\/\/www.cabshome.de\/tipps\/diagnose.html<\/a><\/p>\n<p>&nbsp;<\/p>\n<p><strong>Die Produkte k\u00f6nnen den Bildern leicht abweichen (Oberfl\u00e4che, Material, etc).<\/strong><\/p>\n","protected":false},"excerpt":{"rendered":"<p>Anfertigung nur auf Anfrage. &nbsp; Passend f\u00fcr die VW K\u00e4fer\/Bus Diagnosedose im Motorraum. Geeignet f\u00fcr die Montage einer H\u00e4ngerkupplung ohne den Kabelbaum besch\u00e4digen zu m\u00fcssen. Belegung des Diagnosestecker bitte folgender Seite entnehmen:\u00a0http:\/\/www.cabshome.de\/tipps\/diagnose.html &nbsp; Die Produkte k\u00f6nnen den Bildern leicht abweichen (Oberfl\u00e4che, Material, etc).<\/p>\n","protected":false},"featured_media":133,"comment_status":"open","ping_status":"closed","template":"","meta":[],"product_brand":[],"product_cat":[21],"product_tag":[],"class_list":{"0":"post-161","1":"product","2":"type-product","3":"status-publish","4":"has-post-thumbnail","6":"product_cat-vw-kaefer","8":"first","9":"outofstock","10":"taxable","11":"shipping-taxable","12":"purchasable","13":"product-type-simple"},"_links":{"self":[{"href":"https:\/\/3dcustomparts.de\/index.php\/wp-json\/wp\/v2\/product\/161","targetHints":{"allow":["GET"]}}],"collection":[{"href":"https:\/\/3dcustomparts.de\/index.php\/wp-json\/wp\/v2\/product"}],"about":[{"href":"https:\/\/3dcustomparts.de\/index.php\/wp-json\/wp\/v2\/types\/product"}],"replies":[{"embeddable":true,"href":"https:\/\/3dcustomparts.de\/index.php\/wp-json\/wp\/v2\/comments?post=161"}],"wp:featuredmedia":[{"embeddable":true,"href":"https:\/\/3dcustomparts.de\/index.php\/wp-json\/wp\/v2\/media\/133"}],"wp:attachment":[{"href":"https:\/\/3dcustomparts.de\/index.php\/wp-json\/wp\/v2\/media?parent=161"}],"wp:term":[{"taxonomy":"product_brand","embeddable":true,"href":"https:\/\/3dcustomparts.de\/index.php\/wp-json\/wp\/v2\/product_brand?post=161"},{"taxonomy":"product_cat","embeddable":true,"href":"https:\/\/3dcustomparts.de\/index.php\/wp-json\/wp\/v2\/product_cat?post=161"},{"taxonomy":"product_tag","embeddable":true,"href":"https:\/\/3dcustomparts.de\/index.php\/wp-json\/wp\/v2\/product_tag?post=161"}],"curies":[{"name":"wp","href":"https:\/\/api.w.org\/{rel}","templated":true}]}}