{"id":160,"date":"2019-08-20T00:27:30","date_gmt":"2019-08-19T22:27:30","guid":{"rendered":"https:\/\/3dcustomparts.de\/?post_type=product&#038;p=160"},"modified":"2025-06-30T13:02:18","modified_gmt":"2025-06-30T11:02:18","slug":"blinkerbegrenzer-vw-1303","status":"publish","type":"product","link":"https:\/\/3dcustomparts.de\/index.php\/produkt\/blinkerbegrenzer-vw-1303\/","title":{"rendered":"Blinkerbegrenzer VW 1303"},"content":{"rendered":"<p style=\"text-align: left;\">Passend bei originalen 1303 Lenks\u00e4ulen.<\/p>\n<p>Zur Begrenzung des maximalen Weges des Blinkerhebels, um ein \u00dcberschnappen der Mechanik innerhalb der Lenks\u00e4ule zu vermeiden.<\/p>\n<p>Die Montage kann im eingebauten Zustand erfolgen, es muss nichts demontiert werden.<\/p>\n<p>&nbsp;<\/p>\n<p><strong>Die Produkte k\u00f6nnen den Bildern leicht abweichen (Oberfl\u00e4che, Material, etc).<\/strong><\/p>\n","protected":false},"excerpt":{"rendered":"<p>Passend bei originalen 1303 Lenks\u00e4ulen. Zur Begrenzung des maximalen Weges des Blinkerhebels, um ein \u00dcberschnappen der Mechanik innerhalb der Lenks\u00e4ule zu vermeiden. Die Montage kann im eingebauten Zustand erfolgen, es muss nichts demontiert werden. &nbsp; Die Produkte k\u00f6nnen den Bildern leicht abweichen (Oberfl\u00e4che, Material, etc).<\/p>\n","protected":false},"featured_media":123,"comment_status":"open","ping_status":"closed","template":"","meta":[],"product_brand":[],"product_cat":[21],"product_tag":[],"class_list":{"0":"post-160","1":"product","2":"type-product","3":"status-publish","4":"has-post-thumbnail","6":"product_cat-vw-kaefer","8":"first","9":"instock","10":"taxable","11":"shipping-taxable","12":"purchasable","13":"product-type-simple"},"_links":{"self":[{"href":"https:\/\/3dcustomparts.de\/index.php\/wp-json\/wp\/v2\/product\/160","targetHints":{"allow":["GET"]}}],"collection":[{"href":"https:\/\/3dcustomparts.de\/index.php\/wp-json\/wp\/v2\/product"}],"about":[{"href":"https:\/\/3dcustomparts.de\/index.php\/wp-json\/wp\/v2\/types\/product"}],"replies":[{"embeddable":true,"href":"https:\/\/3dcustomparts.de\/index.php\/wp-json\/wp\/v2\/comments?post=160"}],"wp:featuredmedia":[{"embeddable":true,"href":"https:\/\/3dcustomparts.de\/index.php\/wp-json\/wp\/v2\/media\/123"}],"wp:attachment":[{"href":"https:\/\/3dcustomparts.de\/index.php\/wp-json\/wp\/v2\/media?parent=160"}],"wp:term":[{"taxonomy":"product_brand","embeddable":true,"href":"https:\/\/3dcustomparts.de\/index.php\/wp-json\/wp\/v2\/product_brand?post=160"},{"taxonomy":"product_cat","embeddable":true,"href":"https:\/\/3dcustomparts.de\/index.php\/wp-json\/wp\/v2\/product_cat?post=160"},{"taxonomy":"product_tag","embeddable":true,"href":"https:\/\/3dcustomparts.de\/index.php\/wp-json\/wp\/v2\/product_tag?post=160"}],"curies":[{"name":"wp","href":"https:\/\/api.w.org\/{rel}","templated":true}]}}