{"id":152,"date":"2019-08-20T00:02:30","date_gmt":"2019-08-19T22:02:30","guid":{"rendered":"https:\/\/3dcustomparts.de\/?post_type=product&#038;p=152"},"modified":"2025-06-30T13:05:19","modified_gmt":"2025-06-30T11:05:19","slug":"halterung-fuer-vape-zuendmodul","status":"publish","type":"product","link":"https:\/\/3dcustomparts.de\/index.php\/produkt\/halterung-fuer-vape-zuendmodul\/","title":{"rendered":"Halterung f\u00fcr Vape Z\u00fcndmodul"},"content":{"rendered":"<p style=\"text-align: left;\">Passend f\u00fcr originale Simson S51 Mittelk\u00e4sten.<\/p>\n<p>Es m\u00fcssen zwei L\u00f6cher f\u00fcr die Befestigungsschrauben gebohrt werden.<\/p>\n<p>&nbsp;<\/p>\n<p><strong>Die Produkte k\u00f6nnen den Bildern leicht abweichen (Oberfl\u00e4che, Material, etc).<\/strong><\/p>\n","protected":false},"excerpt":{"rendered":"<p>Passend f\u00fcr originale Simson S51 Mittelk\u00e4sten. Es m\u00fcssen zwei L\u00f6cher f\u00fcr die Befestigungsschrauben gebohrt werden. &nbsp; Die Produkte k\u00f6nnen den Bildern leicht abweichen (Oberfl\u00e4che, Material, etc).<\/p>\n","protected":false},"featured_media":118,"comment_status":"open","ping_status":"closed","template":"","meta":[],"product_brand":[],"product_cat":[20,19],"product_tag":[],"class_list":{"0":"post-152","1":"product","2":"type-product","3":"status-publish","4":"has-post-thumbnail","6":"product_cat-s51","7":"product_cat-simson","9":"first","10":"instock","11":"taxable","12":"shipping-taxable","13":"purchasable","14":"product-type-simple"},"_links":{"self":[{"href":"https:\/\/3dcustomparts.de\/index.php\/wp-json\/wp\/v2\/product\/152","targetHints":{"allow":["GET"]}}],"collection":[{"href":"https:\/\/3dcustomparts.de\/index.php\/wp-json\/wp\/v2\/product"}],"about":[{"href":"https:\/\/3dcustomparts.de\/index.php\/wp-json\/wp\/v2\/types\/product"}],"replies":[{"embeddable":true,"href":"https:\/\/3dcustomparts.de\/index.php\/wp-json\/wp\/v2\/comments?post=152"}],"wp:featuredmedia":[{"embeddable":true,"href":"https:\/\/3dcustomparts.de\/index.php\/wp-json\/wp\/v2\/media\/118"}],"wp:attachment":[{"href":"https:\/\/3dcustomparts.de\/index.php\/wp-json\/wp\/v2\/media?parent=152"}],"wp:term":[{"taxonomy":"product_brand","embeddable":true,"href":"https:\/\/3dcustomparts.de\/index.php\/wp-json\/wp\/v2\/product_brand?post=152"},{"taxonomy":"product_cat","embeddable":true,"href":"https:\/\/3dcustomparts.de\/index.php\/wp-json\/wp\/v2\/product_cat?post=152"},{"taxonomy":"product_tag","embeddable":true,"href":"https:\/\/3dcustomparts.de\/index.php\/wp-json\/wp\/v2\/product_tag?post=152"}],"curies":[{"name":"wp","href":"https:\/\/api.w.org\/{rel}","templated":true}]}}