{"id":149,"date":"2019-08-19T23:50:53","date_gmt":"2019-08-19T21:50:53","guid":{"rendered":"https:\/\/3dcustomparts.de\/?post_type=product&#038;p=149"},"modified":"2025-10-13T11:13:38","modified_gmt":"2025-10-13T09:13:38","slug":"ruecklicht-kennzeichenaufnahme","status":"publish","type":"product","link":"https:\/\/3dcustomparts.de\/index.php\/produkt\/ruecklicht-kennzeichenaufnahme\/","title":{"rendered":"R\u00fccklicht- &#038; Kennzeichenaufnahme"},"content":{"rendered":"<p>Passend f\u00fcr originalen Simson S51 Obergurt.<\/p>\n<p>Halterung f\u00fcr LED R\u00fccklicht, LED Blinker und Kennzeichen. Geometrie f\u00fcr Kennzeichenbeleuchtung.<\/p>\n<p>F\u00fcr folgendes R\u00fccklicht vorgesehen: <a href=\"https:\/\/bit.ly\/39ncmuV\">https:\/\/bit.ly\/39ncmuV<\/a><\/p>\n<p>F\u00fcr M8 Blinkergewinde geeignet.<\/p>\n<p>&nbsp;<\/p>\n<p><strong>Die Produkte k\u00f6nnen den Bildern leicht abweichen (Oberfl\u00e4che, Material, etc).<\/strong><\/p>\n","protected":false},"excerpt":{"rendered":"<p>Passend f\u00fcr originalen Simson S51 Obergurt. Halterung f\u00fcr LED R\u00fccklicht, LED Blinker und Kennzeichen. Geometrie f\u00fcr Kennzeichenbeleuchtung. F\u00fcr folgendes R\u00fccklicht vorgesehen: https:\/\/bit.ly\/39ncmuV F\u00fcr M8 Blinkergewinde geeignet. &nbsp; Die Produkte k\u00f6nnen den Bildern leicht abweichen (Oberfl\u00e4che, Material, etc).<\/p>\n","protected":false},"featured_media":106,"comment_status":"open","ping_status":"closed","template":"","meta":[],"product_brand":[],"product_cat":[20,19],"product_tag":[],"class_list":{"0":"post-149","1":"product","2":"type-product","3":"status-publish","4":"has-post-thumbnail","6":"product_cat-s51","7":"product_cat-simson","9":"first","10":"instock","11":"taxable","12":"shipping-taxable","13":"purchasable","14":"product-type-variable"},"_links":{"self":[{"href":"https:\/\/3dcustomparts.de\/index.php\/wp-json\/wp\/v2\/product\/149","targetHints":{"allow":["GET"]}}],"collection":[{"href":"https:\/\/3dcustomparts.de\/index.php\/wp-json\/wp\/v2\/product"}],"about":[{"href":"https:\/\/3dcustomparts.de\/index.php\/wp-json\/wp\/v2\/types\/product"}],"replies":[{"embeddable":true,"href":"https:\/\/3dcustomparts.de\/index.php\/wp-json\/wp\/v2\/comments?post=149"}],"wp:featuredmedia":[{"embeddable":true,"href":"https:\/\/3dcustomparts.de\/index.php\/wp-json\/wp\/v2\/media\/106"}],"wp:attachment":[{"href":"https:\/\/3dcustomparts.de\/index.php\/wp-json\/wp\/v2\/media?parent=149"}],"wp:term":[{"taxonomy":"product_brand","embeddable":true,"href":"https:\/\/3dcustomparts.de\/index.php\/wp-json\/wp\/v2\/product_brand?post=149"},{"taxonomy":"product_cat","embeddable":true,"href":"https:\/\/3dcustomparts.de\/index.php\/wp-json\/wp\/v2\/product_cat?post=149"},{"taxonomy":"product_tag","embeddable":true,"href":"https:\/\/3dcustomparts.de\/index.php\/wp-json\/wp\/v2\/product_tag?post=149"}],"curies":[{"name":"wp","href":"https:\/\/api.w.org\/{rel}","templated":true}]}}