{"id":1441,"date":"2019-09-28T20:50:24","date_gmt":"2019-09-28T18:50:24","guid":{"rendered":"https:\/\/3dcustomparts.de\/?post_type=product&#038;p=1441"},"modified":"2025-07-07T07:21:46","modified_gmt":"2025-07-07T05:21:46","slug":"kappe-fuer-tachowellenantrieb","status":"publish","type":"product","link":"https:\/\/3dcustomparts.de\/index.php\/produkt\/kappe-fuer-tachowellenantrieb\/","title":{"rendered":"Kappe f\u00fcr Lagerst\u00fcck Tacho- &#038; DZM Welle"},"content":{"rendered":"<p>Verschlusskappe auf dem Lagerst\u00fcck (Gewinde) f\u00fcr die Tachowelle oder\/und der Drehzahlmesserwelle.<\/p>\n<p>Passend f\u00fcr originale Simson Seitendeckel der M500 Motoren.<\/p>\n<p>&nbsp;<\/p>\n<p><strong>Die Produkte k\u00f6nnen den Bildern leicht abweichen (Oberfl\u00e4che, Material, etc).<\/strong><\/p>\n","protected":false},"excerpt":{"rendered":"<p>Verschlusskappe auf dem Lagerst\u00fcck (Gewinde) f\u00fcr die Tachowelle oder\/und der Drehzahlmesserwelle. Passend f\u00fcr originale Simson Seitendeckel der M500 Motoren. &nbsp; Die Produkte k\u00f6nnen den Bildern leicht abweichen (Oberfl\u00e4che, Material, etc).<\/p>\n","protected":false},"featured_media":1656,"comment_status":"open","ping_status":"closed","template":"","meta":[],"product_brand":[],"product_cat":[20,19],"product_tag":[],"class_list":{"0":"post-1441","1":"product","2":"type-product","3":"status-publish","4":"has-post-thumbnail","6":"product_cat-s51","7":"product_cat-simson","9":"first","10":"instock","11":"taxable","12":"shipping-taxable","13":"purchasable","14":"product-type-variable"},"_links":{"self":[{"href":"https:\/\/3dcustomparts.de\/index.php\/wp-json\/wp\/v2\/product\/1441","targetHints":{"allow":["GET"]}}],"collection":[{"href":"https:\/\/3dcustomparts.de\/index.php\/wp-json\/wp\/v2\/product"}],"about":[{"href":"https:\/\/3dcustomparts.de\/index.php\/wp-json\/wp\/v2\/types\/product"}],"replies":[{"embeddable":true,"href":"https:\/\/3dcustomparts.de\/index.php\/wp-json\/wp\/v2\/comments?post=1441"}],"wp:featuredmedia":[{"embeddable":true,"href":"https:\/\/3dcustomparts.de\/index.php\/wp-json\/wp\/v2\/media\/1656"}],"wp:attachment":[{"href":"https:\/\/3dcustomparts.de\/index.php\/wp-json\/wp\/v2\/media?parent=1441"}],"wp:term":[{"taxonomy":"product_brand","embeddable":true,"href":"https:\/\/3dcustomparts.de\/index.php\/wp-json\/wp\/v2\/product_brand?post=1441"},{"taxonomy":"product_cat","embeddable":true,"href":"https:\/\/3dcustomparts.de\/index.php\/wp-json\/wp\/v2\/product_cat?post=1441"},{"taxonomy":"product_tag","embeddable":true,"href":"https:\/\/3dcustomparts.de\/index.php\/wp-json\/wp\/v2\/product_tag?post=1441"}],"curies":[{"name":"wp","href":"https:\/\/api.w.org\/{rel}","templated":true}]}}