{"id":1440,"date":"2019-09-28T20:05:14","date_gmt":"2019-09-28T18:05:14","guid":{"rendered":"https:\/\/3dcustomparts.de\/?post_type=product&#038;p=1440"},"modified":"2026-05-05T03:19:11","modified_gmt":"2026-05-05T01:19:11","slug":"verschluss-fuer-bremslichtkontakt","status":"publish","type":"product","link":"https:\/\/3dcustomparts.de\/index.php\/produkt\/verschluss-fuer-bremslichtkontakt\/","title":{"rendered":"Verschluss f\u00fcr Bremslichtkontakt"},"content":{"rendered":"<p>Verschlusskappe f\u00fcr die Bremslichtkontaktschraube am Bremsschild hinten.<\/p>\n<p>Passend f\u00fcr originale Simson S51 Bremsschilder hinten.<\/p>\n<p>Ideal geeignet wenn der Bremslichtschalter auf wartungsarmen Schalter direkt an am Motorlager umger\u00fcstet wurde und das Loch am hinteren Bremsschild nicht mehr ben\u00f6tigt wird.<\/p>\n<p>&nbsp;<\/p>\n<p><strong>Die Produkte k\u00f6nnen den Bildern leicht abweichen (Oberfl\u00e4che, Material, etc).<\/strong><\/p>\n","protected":false},"excerpt":{"rendered":"<p>Verschlusskappe f\u00fcr die Bremslichtkontaktschraube am Bremsschild hinten. Passend f\u00fcr originale Simson S51 Bremsschilder hinten. Ideal geeignet wenn der Bremslichtschalter auf wartungsarmen Schalter direkt an am Motorlager umger\u00fcstet wurde und das Loch am hinteren Bremsschild nicht mehr ben\u00f6tigt wird. &nbsp; Die Produkte k\u00f6nnen den Bildern leicht abweichen (Oberfl\u00e4che, Material, etc).<\/p>\n","protected":false},"featured_media":1438,"comment_status":"open","ping_status":"closed","template":"","meta":[],"product_brand":[],"product_cat":[20,19],"product_tag":[],"class_list":{"0":"post-1440","1":"product","2":"type-product","3":"status-publish","4":"has-post-thumbnail","6":"product_cat-s51","7":"product_cat-simson","9":"first","10":"instock","11":"taxable","12":"shipping-taxable","13":"purchasable","14":"product-type-variable"},"_links":{"self":[{"href":"https:\/\/3dcustomparts.de\/index.php\/wp-json\/wp\/v2\/product\/1440","targetHints":{"allow":["GET"]}}],"collection":[{"href":"https:\/\/3dcustomparts.de\/index.php\/wp-json\/wp\/v2\/product"}],"about":[{"href":"https:\/\/3dcustomparts.de\/index.php\/wp-json\/wp\/v2\/types\/product"}],"replies":[{"embeddable":true,"href":"https:\/\/3dcustomparts.de\/index.php\/wp-json\/wp\/v2\/comments?post=1440"}],"wp:featuredmedia":[{"embeddable":true,"href":"https:\/\/3dcustomparts.de\/index.php\/wp-json\/wp\/v2\/media\/1438"}],"wp:attachment":[{"href":"https:\/\/3dcustomparts.de\/index.php\/wp-json\/wp\/v2\/media?parent=1440"}],"wp:term":[{"taxonomy":"product_brand","embeddable":true,"href":"https:\/\/3dcustomparts.de\/index.php\/wp-json\/wp\/v2\/product_brand?post=1440"},{"taxonomy":"product_cat","embeddable":true,"href":"https:\/\/3dcustomparts.de\/index.php\/wp-json\/wp\/v2\/product_cat?post=1440"},{"taxonomy":"product_tag","embeddable":true,"href":"https:\/\/3dcustomparts.de\/index.php\/wp-json\/wp\/v2\/product_tag?post=1440"}],"curies":[{"name":"wp","href":"https:\/\/api.w.org\/{rel}","templated":true}]}}