{"id":144,"date":"2019-08-19T23:04:15","date_gmt":"2019-08-19T21:04:15","guid":{"rendered":"https:\/\/3dcustomparts.de\/?post_type=product&#038;p=144"},"modified":"2024-12-25T00:00:02","modified_gmt":"2024-12-24T23:00:02","slug":"scheinwerferhalterung-fuer-simson-telegabel","status":"publish","type":"product","link":"https:\/\/3dcustomparts.de\/index.php\/produkt\/scheinwerferhalterung-fuer-simson-telegabel\/","title":{"rendered":"Scheinwerferhalterung f\u00fcr Simson Telegabel"},"content":{"rendered":"<p>Passend f\u00fcr Simson S51 Telegabel.<\/p>\n<p>Nur f\u00fcr Scheinwerfer mit seitlicher Befestigung.<\/p>\n<p>&nbsp;<\/p>\n<p><strong>Die Produkte k\u00f6nnen den Bildern leicht abweichen (Oberfl\u00e4che, Material, etc).<\/strong><\/p>\n<p>&nbsp;<\/p>\n<p>Lieferumfang:<\/p>\n<ul>\n<li>4x Schelle f\u00fcr Haltearm<\/li>\n<li>2x Haltearm (links und rechts)<\/li>\n<li>4x M3 Linsenkopfschraube schwarz<\/li>\n<li>4x M4 Inbusschraube<\/li>\n<\/ul>\n","protected":false},"excerpt":{"rendered":"<p>Passend f\u00fcr Simson S51 Telegabel. Nur f\u00fcr Scheinwerfer mit seitlicher Befestigung. &nbsp; Die Produkte k\u00f6nnen den Bildern leicht abweichen (Oberfl\u00e4che, Material, etc). &nbsp; Lieferumfang: 4x Schelle f\u00fcr Haltearm 2x Haltearm (links und rechts) 4x M3 Linsenkopfschraube schwarz 4x M4 Inbusschraube<\/p>\n","protected":false},"featured_media":102,"comment_status":"open","ping_status":"closed","template":"","meta":[],"product_brand":[],"product_cat":[20,19],"product_tag":[26,23,24,25],"class_list":{"0":"post-144","1":"product","2":"type-product","3":"status-publish","4":"has-post-thumbnail","6":"product_cat-s51","7":"product_cat-simson","8":"product_tag-s51","9":"product_tag-scheinwerfer","10":"product_tag-scheinwerferhalterung","11":"product_tag-simson","13":"first","14":"instock","15":"taxable","16":"shipping-taxable","17":"purchasable","18":"product-type-variable"},"_links":{"self":[{"href":"https:\/\/3dcustomparts.de\/index.php\/wp-json\/wp\/v2\/product\/144","targetHints":{"allow":["GET"]}}],"collection":[{"href":"https:\/\/3dcustomparts.de\/index.php\/wp-json\/wp\/v2\/product"}],"about":[{"href":"https:\/\/3dcustomparts.de\/index.php\/wp-json\/wp\/v2\/types\/product"}],"replies":[{"embeddable":true,"href":"https:\/\/3dcustomparts.de\/index.php\/wp-json\/wp\/v2\/comments?post=144"}],"wp:featuredmedia":[{"embeddable":true,"href":"https:\/\/3dcustomparts.de\/index.php\/wp-json\/wp\/v2\/media\/102"}],"wp:attachment":[{"href":"https:\/\/3dcustomparts.de\/index.php\/wp-json\/wp\/v2\/media?parent=144"}],"wp:term":[{"taxonomy":"product_brand","embeddable":true,"href":"https:\/\/3dcustomparts.de\/index.php\/wp-json\/wp\/v2\/product_brand?post=144"},{"taxonomy":"product_cat","embeddable":true,"href":"https:\/\/3dcustomparts.de\/index.php\/wp-json\/wp\/v2\/product_cat?post=144"},{"taxonomy":"product_tag","embeddable":true,"href":"https:\/\/3dcustomparts.de\/index.php\/wp-json\/wp\/v2\/product_tag?post=144"}],"curies":[{"name":"wp","href":"https:\/\/api.w.org\/{rel}","templated":true}]}}