{"id":3,"date":"2019-08-17T19:05:42","date_gmt":"2019-08-17T17:05:42","guid":{"rendered":"https:\/\/3dcustomparts.de\/wordpress\/?page_id=3"},"modified":"2019-09-22T22:42:40","modified_gmt":"2019-09-22T20:42:40","slug":"datenschutzerklaerung","status":"publish","type":"page","link":"https:\/\/3dcustomparts.de\/index.php\/datenschutzerklaerung\/","title":{"rendered":"Datenschutzerkl\u00e4rung"},"content":{"rendered":"\n<h2 class=\"wp-block-heading\">Wer wir sind<\/h2>\n\n\n\n<p>Die Adresse unserer Website ist: https:\/\/3dcustomparts.de\/<\/p>\n\n\n\n<h3 class=\"wp-block-heading\">\u00a7 1 Allgemeines<\/h3>\n\n\n\n<p>Ihre personenbezogenen Daten (z.B. Anrede, Name, Anschrift, E-Mail-Adresse, Telefonnummer, Bankverbindung, Kreditkartennummer) werden von uns nur gem\u00e4\u00df den Bestimmungen des deutschen Datenschutzrechts verarbeitet. Die nachfolgenden Vorschriften informieren Sie \u00fcber Art, Umfang und Zweck der Erhebung, Verarbeitung und Nutzung personenbezogener Daten. Diese Datenschutzerkl\u00e4rung bezieht sich nur auf unsere Webseiten. Falls Sie \u00fcber Links auf unseren Seiten auf andere Seiten weitergeleitet werden, informieren Sie sich bitte dort \u00fcber den jeweiligen Umgang mit Ihren Daten.<\/p>\n\n\n\n<p>Die Datenverarbeitung auf dieser Website erfolgt durch den Websitebetreiber. Dessen Kontaktdaten k\u00f6nnen Sie dem Impressum dieser Website entnehmen.<\/p>\n\n\n\n<h3 class=\"wp-block-heading\">\u00a7 2 Bestandsdaten<\/h3>\n\n\n\n<p>(1) Ihre personenbezogenen Daten, soweit diese f\u00fcr die Begr\u00fcndung, inhaltliche Ausgestaltung oder \u00c4nderung des Vertragsverh\u00e4ltnisses erforderlich sind (Bestandsdaten), werden ausschlie\u00dflich zur Vertragsabwicklung verwendet. So muss z.B. zur Zustellung der Waren Ihr Name und Ihre Anschrift an den Warenlieferanten weitergegeben werden.<\/p>\n\n\n\n<p>(2) Ohne Ihre ausdr\u00fcckliche Einwilligung oder ohne gesetzliche Grundlage werden Ihre personenbezogenen Daten nicht an au\u00dferhalb der Vertragsabwicklung stehende Dritte weiterge-geben. Nach vollst\u00e4ndiger Vertragsabwicklung werden Ihre Daten f\u00fcr die weitere Verwen-dung gesperrt. Nach Ablauf der steuer- und handelsrechtlichen Vorschriften werden diese Daten gel\u00f6scht, sofern Sie nicht ausdr\u00fccklich in die weitere Nutzung eingewilligt haben.<\/p>\n\n\n\n<h3 class=\"wp-block-heading\">\u00a7 3 Informationen \u00fcber Cookies<\/h3>\n\n\n\n<p>Zur Optimierung unseres Internetauftritts setzen wir Cookies ein. Es handelt sich dabei um kleine Textdateien, die vor\u00fcbergehend im Arbeitsspeicher Ihres Computers gespeichert werden. Diese Cookies werden nach dem Schlie\u00dfen des Browsers wieder gel\u00f6scht. Das Speichern von Cookies k\u00f6nnen Sie verhindern, indem Sie in Ihren Browser-Einstellungen &#8222;Cookies blockieren&#8220; w\u00e4hlen. Dies kann aber eine Funktionseinschr\u00e4nkung unserer Angebote zur Folge haben.<\/p>\n\n\n\n<h3 class=\"wp-block-heading\">\u00a7 4 Auskunft<\/h3>\n\n\n\n<p>Nach dem Bundesdatenschutzgesetz haben Sie ein Recht auf unentgeltliche Auskunft \u00fcber Ihre gespeicherten Daten sowie ggf. ein Recht auf Berichtigung, Sperrung oder L\u00f6schung dieser Daten.<\/p>\n\n\n\n<p>Fragen k\u00f6nnen Sie z.B. \u00fcber die folgende E-Mail-Adresse stellen:&nbsp;<a href=\"mailto:info@pz-tuning24.de\">info@3dcustomparts.de<\/a><\/p>\n\n\n\n<h3 class=\"wp-block-heading\">\u00a7 5 Server-Log-Dateien<\/h3>\n\n\n\n<p>Der Provider der Seiten erhebt und speichert automatisch Informationen in so genannten Server-Log-Dateien, die Ihr Browser automatisch an uns \u00fcbermittelt. Dies sind:<\/p>\n\n\n\n<ul class=\"wp-block-list\"><li>Browsertyp und Browserversion<\/li><li>verwendetes Betriebssystem<\/li><li>Referrer URL<\/li><li>Hostname des zugreifenden Rechners<\/li><li>Uhrzeit der Serveranfrage<\/li><li>IP-Adresse<\/li><\/ul>\n\n\n\n<p>Eine Zusammenf\u00fchrung dieser Daten mit anderen Datenquellen wird nicht vorgenommen.<\/p>\n\n\n\n<p>Grundlage f\u00fcr die Datenverarbeitung ist Art. 6 Abs. 1 lit. f DSGVO, der die Verarbeitung von Daten zur Erf\u00fcllung eines Vertrags oder vorvertraglicher Ma\u00dfnahmen gestattet.<\/p>\n\n\n\n<h3 class=\"wp-block-heading\">\u00a7 6 Kontaktformular<\/h3>\n\n\n\n<p>Wenn Sie uns per Kontaktformular Anfragen zukommen lassen, werden Ihre Angaben aus dem Anfrageformular inklusive der von Ihnen dort angegebenen Kontaktdaten zwecks Bearbeitung der Anfrage und f\u00fcr den Fall von Anschlussfragen bei uns gespeichert. Diese Daten geben wir nicht ohne Ihre Einwilligung weiter.<\/p>\n\n\n\n<p>Die Verarbeitung der in das Kontaktformular eingegebenen Daten erfolgt somit ausschlie\u00dflich auf Grundlage Ihrer Einwilligung (Art. 6 Abs. 1 lit. a DSGVO). Sie k\u00f6nnen diese Einwilligung jederzeit widerrufen. Dazu reicht eine formlose Mitteilung per E-Mail an uns. Die Rechtm\u00e4\u00dfigkeit der bis zum Widerruf erfolgten Datenverarbeitungsvorg\u00e4nge bleibt vom Widerruf unber\u00fchrt.<\/p>\n\n\n\n<p>Die von Ihnen im Kontaktformular eingegebenen Daten verbleiben bei uns, bis Sie uns zur L\u00f6schung auffordern, Ihre Einwilligung zur Speicherung widerrufen oder der Zweck f\u00fcr die Datenspeicherung entf\u00e4llt (z.B. nach abgeschlossener Bearbeitung Ihrer Anfrage). Zwingende gesetzliche Bestimmungen \u2013 insbesondere Aufbewahrungsfristen \u2013 bleiben unber\u00fchrt.<\/p>\n\n\n\n<h3 class=\"wp-block-heading\">\u00a7 7 Verarbeiten von Daten (Kunden- und Vertragsdaten)<\/h3>\n\n\n\n<p>Wir erheben, verarbeiten und nutzen personenbezogene Daten nur, soweit sie f\u00fcr die Begr\u00fcndung, inhaltliche Ausgestaltung oder \u00c4nderung des Rechtsverh\u00e4ltnisses erforderlich sind (Bestandsdaten). Dies erfolgt auf Grundlage von Art. 6 Abs. 1 lit. b DSGVO, der die Verarbeitung von Daten zur Erf\u00fcllung eines Vertrags oder vorvertraglicher Ma\u00dfnahmen gestattet. Personenbezogene Daten \u00fcber die Inanspruchnahme unserer Internetseiten (Nutzungsdaten) erheben, verarbeiten und nutzen wir nur, soweit dies erforderlich ist, um dem Nutzer die Inanspruchnahme des Dienstes zu erm\u00f6glichen oder abzurechnen.<\/p>\n\n\n\n<p>Die erhobenen Kundendaten werden nach Abschluss des Auftrags oder Beendigung der Gesch\u00e4ftsbeziehung gel\u00f6scht. Gesetzliche Aufbewahrungsfristen bleiben unber\u00fchrt.<\/p>\n\n\n\n<h3 class=\"wp-block-heading\">\u00a7 8 Daten\u00fcbermittlung bei Vertragsschluss f\u00fcr Online-Shops, H\u00e4ndler und Warenversand<\/h3>\n\n\n\n<p>Wir \u00fcbermitteln personenbezogene Daten an Dritte nur dann, wenn dies im Rahmen der Vertragsabwicklung notwendig ist, etwa an die mit der Lieferung der Ware betrauten Unternehmen oder das mit der Zahlungsabwicklung beauftragte Kreditinstitut. Eine weitergehende \u00dcbermittlung der Daten erfolgt nicht bzw. nur dann, wenn Sie der \u00dcbermittlung ausdr\u00fccklich zugestimmt haben. Eine Weitergabe Ihrer Daten an Dritte ohne ausdr\u00fcckliche Einwilligung, etwa zu Zwecken der Werbung, erfolgt nicht.<\/p>\n\n\n\n<p>Grundlage f\u00fcr die Datenverarbeitung ist Art. 6 Abs. 1 lit. b DSGVO, der die Verarbeitung von Daten zur Erf\u00fcllung eines Vertrags oder vorvertraglicher Ma\u00dfnahmen gestattet.<\/p>\n\n\n\n<h2 class=\"wp-block-heading\">\u00a7 9 Analyse Tools und Werbung<\/h2>\n\n\n\n<h3 class=\"wp-block-heading\">Google Analytics<\/h3>\n\n\n\n<p>Diese Website nutzt Funktionen des Webanalysedienstes Google Analytics. Anbieter ist die Google Inc., 1600 Amphitheatre Parkway, Mountain View, CA 94043, USA.<\/p>\n\n\n\n<p>Google Analytics verwendet so genannte &#8222;Cookies&#8220;. Das sind Textdateien, die auf Ihrem Computer gespeichert werden und die eine Analyse der Benutzung der Website durch Sie erm\u00f6glichen. Die durch den Cookie erzeugten Informationen \u00fcber Ihre Benutzung dieser Website werden in der Regel an einen Server von Google in den USA \u00fcbertragen und dort gespeichert.<\/p>\n\n\n\n<p>Die Speicherung von Google-Analytics-Cookies erfolgt auf Grundlage von Art. 6 Abs. 1 lit. f DSGVO. Der Websitebetreiber hat ein berechtigtes Interesse an der Analyse des Nutzerverhaltens, um sowohl sein Webangebot als auch seine Werbung zu optimieren.<\/p>\n\n\n\n<p><strong>IP Anonymisierung<\/strong><\/p>\n\n\n\n<p>Wir haben auf dieser Website die Funktion IP-Anonymisierung aktiviert. Dadurch wird Ihre IP-Adresse von Google innerhalb von Mitgliedstaaten der Europ\u00e4ischen Union oder in anderen Vertragsstaaten des Abkommens \u00fcber den Europ\u00e4ischen Wirtschaftsraum vor der \u00dcbermittlung in die USA gek\u00fcrzt. Nur in Ausnahmef\u00e4llen wird die volle IP-Adresse an einen Server von Google in den USA \u00fcbertragen und dort gek\u00fcrzt. Im Auftrag des Betreibers dieser Website wird Google diese Informationen benutzen, um Ihre Nutzung der Website auszuwerten, um Reports \u00fcber die Websiteaktivit\u00e4ten zusammenzustellen und um weitere mit der Websitenutzung und der Internetnutzung verbundene Dienstleistungen gegen\u00fcber dem Websitebetreiber zu erbringen. Die im Rahmen von Google Analytics von Ihrem Browser \u00fcbermittelte IP-Adresse wird nicht mit anderen Daten von Google zusammengef\u00fchrt.<\/p>\n\n\n\n<p><strong>Browser Plugin<\/strong><\/p>\n\n\n\n<p>Sie k\u00f6nnen die Speicherung der Cookies durch eine entsprechende Einstellung Ihrer Browser-Software verhindern; wir weisen Sie jedoch darauf hin, dass Sie in diesem Fall gegebenenfalls nicht s\u00e4mtliche Funktionen dieser Website vollumf\u00e4nglich werden nutzen k\u00f6nnen. Sie k\u00f6nnen dar\u00fcber hinaus die Erfassung der durch den Cookie erzeugten und auf Ihre Nutzung der Website bezogenen Daten (inkl. Ihrer IP-Adresse) an Google sowie die Verarbeitung dieser Daten durch Google verhindern, indem Sie das unter dem folgenden Link verf\u00fcgbare Browser-Plugin herunterladen und installieren:&nbsp;<a href=\"https:\/\/tools.google.com\/dlpage\/gaoptout?hl=de\" target=\"_blank\" rel=\"noreferrer noopener\">https:\/\/tools.google.com\/dlpage\/gaoptout?hl=de<\/a>.<\/p>\n\n\n\n<p><strong>Widerspruch gegen Datenerfassung<\/strong><\/p>\n\n\n\n<p>Sie k\u00f6nnen die Erfassung Ihrer Daten durch Google Analytics verhindern, indem Sie auf folgenden Link klicken. Es wird ein Opt-Out-Cookie gesetzt, der die Erfassung Ihrer Daten bei zuk\u00fcnftigen Besuchen dieser Website verhindert:&nbsp;<a href=\"javascript:gaOptout();\">Google Analytics deaktivieren<\/a>.<\/p>\n\n\n\n<p>Mehr Informationen zum Umgang mit Nutzerdaten bei Google Analytics finden Sie in der Datenschutzerkl\u00e4rung von Google:&nbsp;<a href=\"https:\/\/support.google.com\/analytics\/answer\/6004245?hl=de\" target=\"_blank\" rel=\"noreferrer noopener\">https:\/\/support.google.com\/analytics\/answer\/6004245?hl=de<\/a>.<\/p>\n\n\n\n<p><strong>Auftragsdatenverarbeitung<\/strong><\/p>\n\n\n\n<p>Wir haben mit Google einen Vertrag zur Auftragsdatenverarbeitung abgeschlossen und setzen die strengen Vorgaben der deutschen Datenschutzbeh\u00f6rden bei der Nutzung von Google Analytics vollst\u00e4ndig um.<\/p>\n\n\n\n<h2 class=\"wp-block-heading\">\u00a7 10 Zahlungsanbieter<\/h2>\n\n\n\n<h3 class=\"wp-block-heading\">PayPal<\/h3>\n\n\n\n<p>Auf unserer Website bieten wir u.a. die Bezahlung via PayPal an. Anbieter dieses Zahlungsdienstes ist die PayPal (Europe) S.\u00e0.r.l. et Cie, S.C.A., 22-24 Boulevard Royal, L-2449 Luxembourg (im Folgenden \u201cPayPal\u201d).<\/p>\n\n\n\n<p>Wenn Sie die Bezahlung via PayPal ausw\u00e4hlen, werden die von Ihnen eingegebenen Zahlungsdaten an PayPal \u00fcbermittelt.<\/p>\n\n\n\n<p>Die \u00dcbermittlung Ihrer Daten an PayPal erfolgt auf Grundlage von Art. 6 Abs. 1 lit. a DSGVO (Einwilligung) und Art. 6 Abs. 1 lit. b DSGVO (Verarbeitung zur Erf\u00fcllung eines Vertrags). Sie haben die M\u00f6glichkeit, Ihre Einwilligung zur Datenverarbeitung jederzeit zu widerrufen. Ein Widerruf wirkt sich auf die Wirksamkeit von in der Vergangenheit liegenden Datenverarbeitungsvorg\u00e4ngen nicht aus.<\/p>\n","protected":false},"excerpt":{"rendered":"<p>Wer wir sind Die Adresse unserer Website ist: https:\/\/3dcustomparts.de\/ \u00a7 1 Allgemeines Ihre personenbezogenen Daten (z.B. Anrede, Name, Anschrift, E-Mail-Adresse, Telefonnummer, Bankverbindung, Kreditkartennummer) werden von uns nur gem\u00e4\u00df den Bestimmungen des deutschen Datenschutzrechts verarbeitet. Die nachfolgenden Vorschriften informieren Sie \u00fcber Art, Umfang und Zweck der Erhebung, Verarbeitung und Nutzung personenbezogener Daten. Diese Datenschutzerkl\u00e4rung bezieht sich nur auf unsere Webseiten. Falls [&hellip;]<\/p>\n","protected":false},"author":1,"featured_media":0,"parent":0,"menu_order":0,"comment_status":"closed","ping_status":"open","template":"","meta":{"footnotes":""},"class_list":["post-3","page","type-page","status-publish","hentry"],"_links":{"self":[{"href":"https:\/\/3dcustomparts.de\/index.php\/wp-json\/wp\/v2\/pages\/3","targetHints":{"allow":["GET"]}}],"collection":[{"href":"https:\/\/3dcustomparts.de\/index.php\/wp-json\/wp\/v2\/pages"}],"about":[{"href":"https:\/\/3dcustomparts.de\/index.php\/wp-json\/wp\/v2\/types\/page"}],"author":[{"embeddable":true,"href":"https:\/\/3dcustomparts.de\/index.php\/wp-json\/wp\/v2\/users\/1"}],"replies":[{"embeddable":true,"href":"https:\/\/3dcustomparts.de\/index.php\/wp-json\/wp\/v2\/comments?post=3"}],"version-history":[{"count":3,"href":"https:\/\/3dcustomparts.de\/index.php\/wp-json\/wp\/v2\/pages\/3\/revisions"}],"predecessor-version":[{"id":1293,"href":"https:\/\/3dcustomparts.de\/index.php\/wp-json\/wp\/v2\/pages\/3\/revisions\/1293"}],"wp:attachment":[{"href":"https:\/\/3dcustomparts.de\/index.php\/wp-json\/wp\/v2\/media?parent=3"}],"curies":[{"name":"wp","href":"https:\/\/api.w.org\/{rel}","templated":true}]}}