{"id":171,"date":"2019-08-20T02:32:55","date_gmt":"2019-08-20T00:32:55","guid":{"rendered":"https:\/\/3dcustomparts.de\/?page_id=171"},"modified":"2019-09-17T19:20:32","modified_gmt":"2019-09-17T17:20:32","slug":"ueber-3d-druck","status":"publish","type":"page","link":"https:\/\/3dcustomparts.de\/index.php\/ueber-3d-druck\/","title":{"rendered":"\u00dcber 3D Druck"},"content":{"rendered":"\n<p>Es gibt im Bereich 3D Druck unz\u00e4hlige verfahren. Wir arbeiten haupts\u00e4chlich mit dem FDM-Verfahren. FDM engl. Fused Deposition Modeling bedeutet auf deutsch Schmelzschichtung. Das hei\u00dft der Kunstoff wird schichtweise aufgetragen. Hier ein kurzer Auszug aus Wikipedia: <\/p>\n\n\n\n<blockquote class=\"wp-block-quote is-layout-flow wp-block-quote-is-layout-flow\"><p> Der&nbsp;<strong>3D-Druck<\/strong>&nbsp;(auch&nbsp;<strong>3-D-Druck<\/strong><sup><a href=\"https:\/\/de.wikipedia.org\/wiki\/3D-Druck#cite_note-1\">[1]<\/a><\/sup>), auch bekannt unter den Bezeichnungen&nbsp;<strong>Additive Fertigung<\/strong>,&nbsp;<strong>Additive Manufacturing<\/strong>&nbsp;(AM),&nbsp;<strong>Generative Fertigung<\/strong>&nbsp;oder&nbsp;<strong>Rapid-Technologien<\/strong><sup><a href=\"https:\/\/de.wikipedia.org\/wiki\/3D-Druck#cite_note-2\">[2]<\/a><\/sup><strong>,<\/strong>&nbsp;ist eine umfassende Bezeichnung f\u00fcr alle&nbsp;<a href=\"https:\/\/de.wikipedia.org\/wiki\/Fertigungsverfahren\">Fertigungsverfahren<\/a>, bei denen Material Schicht f\u00fcr Schicht aufgetragen und so&nbsp;<a href=\"https:\/\/de.wikipedia.org\/wiki\/Dreidimensional\">dreidimensionale<\/a>&nbsp;Gegenst\u00e4nde (<a href=\"https:\/\/de.wikipedia.org\/wiki\/Werkst%C3%BCck\">Werkst\u00fccke<\/a>) erzeugt werden. Dabei erfolgt der schichtweise Aufbau computergesteuert aus einem oder mehreren fl\u00fcssigen oder festen&nbsp;<a href=\"https:\/\/de.wikipedia.org\/wiki\/Werkstoff\">Werkstoffen<\/a>&nbsp;nach vorgegebenen Ma\u00dfen und Formen (siehe&nbsp;<a href=\"https:\/\/de.wikipedia.org\/wiki\/CAD\">CAD<\/a>\/<a href=\"https:\/\/de.wikipedia.org\/wiki\/Computer-aided_manufacturing\">CAM<\/a>). Beim Aufbau finden&nbsp;<a href=\"https:\/\/de.wikipedia.org\/wiki\/Physik\">physikalische<\/a>&nbsp;oder&nbsp;<a href=\"https:\/\/de.wikipedia.org\/wiki\/Chemie\">chemische<\/a>&nbsp;H\u00e4rtungs- oder&nbsp;<a href=\"https:\/\/de.wikipedia.org\/wiki\/Schmelzen\">Schmelzprozesse<\/a>&nbsp;statt. Typische Werkstoffe f\u00fcr das 3D-Drucken sind&nbsp;<a href=\"https:\/\/de.wikipedia.org\/wiki\/Kunststoff\">Kunststoffe<\/a>,&nbsp;<a href=\"https:\/\/de.wikipedia.org\/wiki\/Kunstharz\">Kunstharze<\/a>,&nbsp;<a href=\"https:\/\/de.wikipedia.org\/wiki\/Keramik\">Keramiken<\/a><sup><a href=\"https:\/\/de.wikipedia.org\/wiki\/3D-Druck#cite_note-3\">[3]<\/a><\/sup>&nbsp;und&nbsp;<a href=\"https:\/\/de.wikipedia.org\/wiki\/Metalle\">Metalle<\/a>. Inzwischen wurden auch Carbon- und Graphitmaterialien f\u00fcr den 3D-Druck von Teilen aus Kohlenstoff entwickelt.<sup><a href=\"https:\/\/de.wikipedia.org\/wiki\/3D-Druck#cite_note-4\">[4]<\/a><\/sup>&nbsp;Obwohl es sich oft um formende Verfahren handelt, sind f\u00fcr ein konkretes Erzeugnis keine speziellen Werkzeuge erforderlich, die die jeweilige Geometrie des Werkst\u00fcckes gespeichert haben (zum Beispiel Gussformen). <\/p><cite> Wikipedia: <a href=\"https:\/\/de.wikipedia.org\/wiki\/3D-Druck\">https:\/\/de.wikipedia.org\/wiki\/3D-Druck<\/a>, 28.08.2019<\/cite><\/blockquote>\n\n\n\n<p>Der 3D Druck ist also ein additives Fertigungsverfahren, womit wir aus einem 3-dimensionalen digitalen Objekt ein Werkst\u00fcck, Bauteil oder Endprodukt erschaffen k\u00f6nnen. Das 3D Objekt, meist STL-Dateien, werden von einem Slicer in einzelne Schichten (Layer) geteilt. Diese Layer werden Schritt f\u00fcr Schritt \u00fcbereinander gedruckt. Je h\u00f6her also die Layeraufl\u00f6sung, sprich je kleiner die Layerh\u00f6he ist, umso mehr Details k\u00f6nnen wir drucken und um so besser wird die Mantelfl\u00e4che. Zum anderen bestimmt der D\u00fcsendurchmesser zu einem gro\u00dfen Anteil die Breite der gedruckten Linie und ist somit ebenfalls entscheidend f\u00fcr verschiedene Details auf der Oberfl\u00e4che, sowie der Mantelfl\u00e4che.<\/p>\n\n\n\n<p>Nun kommen wir zu einigen wichtigen Parametern:<\/p>\n\n\n\n<h3 class=\"wp-block-heading\"><strong>Wichtige Parameter:<\/strong><\/h3>\n\n\n\n<table class=\"wp-block-table table1 has-subtle-pale-green-background-color has-background is-style-regular\"><tbody><tr><td> Schichtdicke (Layerh\u00f6he \/ -aufl\u00f6sung)<\/td><td> Gibt an, wie hoch die einzelnen Schichten sind, in die das Objekt geschnitten wird. <\/td><\/tr><tr><td> D\u00fcsendurchmesser <\/td><td>Bestimmt zum gro\u00dfen Teil die Linienbreite und somit auch die Genauigkeit\/ Aufl\u00f6sung des Druckes<\/td><\/tr><tr><td> Infill (F\u00fcllung) <\/td><td>Gibt in Prozent an, wie stark ein Objekt gef\u00fcllt wird. Mit 100% wird das Objekt voll gedruckt. W\u00e4hlt man weniger, lassen sich verschiedene Infillmuster ausw\u00e4hlen (Zickzack, Honeycomb, etc.)<\/td><\/tr><tr><td> Konturlinien <\/td><td>Gibt an, wie viele Wandlinien gedruckt werden, bevor das Infill gedruckt wird. Sollte z.B. f\u00fcr ein nachtr\u00e4gliches schneiden von Gewinde etwas erh\u00f6ht werden.<\/td><\/tr><tr><td> Grund- und Deckschichten <\/td><td>Gibt an, wie viele Grund und Deckschichten gedruckt werden, bevor das Infill gedruckt wird.<\/td><\/tr><tr><td> Temperatur <\/td><td>Ist ein entscheidender material abh\u00e4ngiger Parameter, der \u00fcber den Fluss des Filamentes und somit der Druckbarkeit entscheidet.<\/td><\/tr><tr><td> Geschwindigkeiten <\/td><td>In der Regel, umso langsamer man druckt, umso besser wird die Qualit\u00e4t. Manche Filamente (flexbile) lassen sich nur sehr langsam drucken.<\/td><\/tr><tr><td>Fluss (Flow)<\/td><td>Der Fluss gibt an, wie viel Filament durch die D\u00fcse gedr\u00fcckt wird. Bzw. ist der Fluss relativ Filament und Temperaturabh\u00e4ngig. Dieser Parameter wird Prozentual angegeben.<\/td><\/tr><\/tbody><\/table>\n\n\n\n<p>&nbsp;<\/p>\n\n\n\n<p><strong>Kommen wir nun zu den &#8222;druckbaren&#8220; Materialien (Filamenten).<\/strong>  Wie schon erw\u00e4hnt, lassen sich fast alle g\u00e4ngigen Kunststoffe verarbeiten. Der wohl im 3D Druck meist verbreitete Kunststoff ist PLA (Polylactide oder Polymilchs\u00e4ure). Aus diesem Kunststoff sind zum Beispiel auch Joghurtbecher und andere Lebensmittelverpackungen. Dieses Material ist sehr g\u00fcnstig und l\u00e4sst sich relativ leicht verarbeiten, allerdings ist die W\u00e4rmeformbest\u00e4ndigkeite mit ca. 60\u00b0C nicht besonders hoch wodurch es bei vielen technischen Anwendungen nicht verwendet werden kann. Hier k\u00f6nnte dann ABS (Acrylnitril-Butadien-Styrol) geeignet sein. ABS ist bis rund 95\u00b0C Formbest\u00e4ndig. Aus diesem Material bestehen viele Dinge aus ihrem Alltag, zum Beispiel Geh\u00e4use von Fernsehger\u00e4ten, Telefonen und Computern (Maus, Tastatur, etc) und auch Lego-Bausteine bestehen aus ABS.<\/p>\n\n\n\n<p>Kommen wir aber nun zu etwas spezielleren Materialien, wie flexiblen und witterungsbest\u00e4ndigen Kunststoffen. Aus flexiblen Materialien lassen sich zum Beispiel Dichtungen oder \u00e4hnliche Sachen herstellen. Dazu w\u00e4re TPU (Thermoplastisches Polyurethan) ein geeignetes Material, welches auch S\u00e4ure-\/Benzin- und \u00d6lbest\u00e4ndig ist. Zu den witterungsbest\u00e4ndigen Materialien geh\u00f6rt z.B. auch ABS aber mehr noch ASA (Acrylnitril-Styrol-Acrylat-Copolymere).<\/p>\n","protected":false},"excerpt":{"rendered":"<p>Es gibt im Bereich 3D Druck unz\u00e4hlige verfahren. Wir arbeiten haupts\u00e4chlich mit dem FDM-Verfahren. FDM engl. Fused Deposition Modeling bedeutet auf deutsch Schmelzschichtung. Das hei\u00dft der Kunstoff wird schichtweise aufgetragen. Hier ein kurzer Auszug aus Wikipedia: Der&nbsp;3D-Druck&nbsp;(auch&nbsp;3-D-Druck[1]), auch bekannt unter den Bezeichnungen&nbsp;Additive Fertigung,&nbsp;Additive Manufacturing&nbsp;(AM),&nbsp;Generative Fertigung&nbsp;oder&nbsp;Rapid-Technologien[2],&nbsp;ist eine umfassende Bezeichnung f\u00fcr alle&nbsp;Fertigungsverfahren, bei denen Material Schicht f\u00fcr Schicht aufgetragen und so&nbsp;dreidimensionale&nbsp;Gegenst\u00e4nde (Werkst\u00fccke) [&hellip;]<\/p>\n","protected":false},"author":1,"featured_media":0,"parent":0,"menu_order":0,"comment_status":"closed","ping_status":"closed","template":"","meta":{"footnotes":""},"class_list":["post-171","page","type-page","status-publish","hentry"],"_links":{"self":[{"href":"https:\/\/3dcustomparts.de\/index.php\/wp-json\/wp\/v2\/pages\/171","targetHints":{"allow":["GET"]}}],"collection":[{"href":"https:\/\/3dcustomparts.de\/index.php\/wp-json\/wp\/v2\/pages"}],"about":[{"href":"https:\/\/3dcustomparts.de\/index.php\/wp-json\/wp\/v2\/types\/page"}],"author":[{"embeddable":true,"href":"https:\/\/3dcustomparts.de\/index.php\/wp-json\/wp\/v2\/users\/1"}],"replies":[{"embeddable":true,"href":"https:\/\/3dcustomparts.de\/index.php\/wp-json\/wp\/v2\/comments?post=171"}],"version-history":[{"count":27,"href":"https:\/\/3dcustomparts.de\/index.php\/wp-json\/wp\/v2\/pages\/171\/revisions"}],"predecessor-version":[{"id":1158,"href":"https:\/\/3dcustomparts.de\/index.php\/wp-json\/wp\/v2\/pages\/171\/revisions\/1158"}],"wp:attachment":[{"href":"https:\/\/3dcustomparts.de\/index.php\/wp-json\/wp\/v2\/media?parent=171"}],"curies":[{"name":"wp","href":"https:\/\/api.w.org\/{rel}","templated":true}]}}